{"id":282,"date":"2021-03-03T19:48:51","date_gmt":"2021-03-03T18:48:51","guid":{"rendered":"http:\/\/letrepair.cz\/domains\/letrepair.cz\/?page_id=282"},"modified":"2021-03-10T13:54:17","modified_gmt":"2021-03-10T12:54:17","slug":"zakazkova-kovovyroba","status":"publish","type":"page","link":"https:\/\/letrepair.cz\/?page_id=282","title":{"rendered":"Zak\u00e1zkov\u00e1 kovov\u00fdroba"},"content":{"rendered":"<div id=\"pl-282\"  class=\"panel-layout\" ><div id=\"pg-282-0\"  class=\"panel-grid panel-has-style\" ><div id=\"sluzby\" class=\"panel-row-style panel-row-style-for-282-0\" ><div id=\"pgc-282-0-0\"  class=\"panel-grid-cell\" ><div id=\"panel-282-0-0-0\" class=\"so-panel widget widget_sow-headline panel-first-child panel-last-child\" data-index=\"0\" ><div\n\t\t\t\n\t\t\tclass=\"so-widget-sow-headline so-widget-sow-headline-default-1c8a243d2967-282\"\n\t\t\t\n\t\t><div class=\"sow-headline-container \">\n\t<h1 class='sow-headline'>Zak\u00e1zkov\u00e1 kovov\u00fdroba<\/h1>\t\t\t\t\t<div class=\"decoration\">\n\t\t\t\t\t\t<div class=\"decoration-inside\"><\/div>\n\t\t\t\t\t<\/div>\n\t\t\t\t\t<\/div><\/div><\/div><\/div><\/div><\/div><div id=\"pg-282-1\"  class=\"panel-grid panel-no-style\" ><div id=\"pgc-282-1-0\"  class=\"panel-grid-cell\" ><div id=\"panel-282-1-0-0\" class=\"so-panel widget widget_sow-editor panel-first-child panel-last-child\" data-index=\"1\" ><div\n\t\t\t\n\t\t\tclass=\"so-widget-sow-editor so-widget-sow-editor-base\"\n\t\t\t\n\t\t>\n<div class=\"siteorigin-widget-tinymce textwidget\">\n\t<p>Zak\u00e1zkov\u00e1 kovov\u00fdroba je na\u0161\u00ed hlavn\u00ed discipl\u00ednou. Nab\u00edz\u00edme pomocnou ruku ve va\u0161ich projektech. Vyr\u00e1b\u00edme kovov\u00e9 konstrukce r\u016fzn\u00fdch rozm\u011br\u016f a tvar\u016f, zaji\u0161tujeme slu\u017eby v oblasti sva\u0159ov\u00e1n\u00ed kov\u016f jejich \u0159ez\u00e1n\u00ed, form\u00e1tov\u00e1n\u00ed, tvarov\u00e1n\u00ed a oh\u00fdb\u00e1n\u00ed. Fin\u00e1ln\u00ed kovov\u00e9 konstrukce opat\u0159\u00edme odpov\u00eddaj\u00edc\u00ed povrchovou \u00fapravou.<\/p>\n<p>Zak\u00e1zkov\u00e1 kovov\u00fdroba pokr\u00fdv\u00e1 \u0161irok\u00e9 spektrum oblast\u00ed. A\u0165 u\u017e se jedn\u00e1 o kovov\u00fd stojan na d\u0159evo, pracovn\u00ed st\u016fl \u010di pracovn\u00ed ponk, na\u0161e dlouholet\u00e9 zku\u0161enosti p\u0159ed\u010d\u00ed va\u0161e o\u010dek\u00e1v\u00e1n\u00ed. Pot\u0159ebujete n\u011bco specifick\u00e9ho do provozu? Pak jste u n\u00e1s spr\u00e1vn\u011b!<\/p>\n<p>Na\u0161e zak\u00e1zkov\u00e1 kovov\u00fdroba vynik\u00e1 \u0161pi\u010dkovou kvalitou a nadstandardn\u00ed p\u00e9\u010d\u00ed. Vyu\u017e\u00edv\u00e1me kvalitn\u00ed a certifikovan\u00e9 materi\u00e1ly. Kovov\u00e9 konstrukce od Let Repair vydr\u017e\u00ed nav\u011bky!<\/p>\n<h3><span style=\"font-size: 20px;\">V oblasti zak\u00e1zkov\u00e9 kovov\u00fdroby:<\/span><\/h3>\n<ul>\n<li style=\"list-style-type: none;\">\n<ul>\n<li>Kovov\u00e9 pracovn\u00ed stoly<\/li>\n<li>Kovov\u00e9 konstrukce<\/li>\n<li>Kovov\u00e9 reg\u00e1ly<\/li>\n<li>Sva\u0159ov\u00e1n\u00ed oceli<\/li>\n<li>Sva\u0159ov\u00e1n\u00ed hlin\u00edku<\/li>\n<li>Sva\u0159ov\u00e1n\u00ed nerezu<\/li>\n<li>Oh\u00fdb\u00e1n\u00ed oceli<\/li>\n<li>Oh\u00fdb\u00e1n\u00ed hlin\u00edku<\/li>\n<li>Oh\u00fdb\u00e1n\u00ed nerezu<\/li>\n<li>\u0158ez\u00e1n\u00ed hlin\u00edku<\/li>\n<li>\u0158ez\u00e1n\u00ed oceli<\/li>\n<li>\u0158ez\u00e1n\u00ed nerezu<\/li>\n<li>a mnoho dal\u0161\u00edho!<\/li>\n<\/ul>\n<\/li>\n<\/ul>\n<h2>Zak\u00e1zkov\u00e1 kovov\u00fdroba z hlin\u00edku, oceli a nerezu v t\u011bchto oblastech:<\/h2>\n<h3>Kralupy nad Vltavou, M\u011bln\u00edk, Praha, Zdiby, Veltrusy, Velvary, Kladno<\/h3>\n<p>Zaujala V\u00e1s na\u0161e nab\u00eddka? Nev\u00e1hejte n\u00e1s kontaktovat telefonem, emailem nebo p\u0159es kontaktn\u00ed formul\u00e1\u0159. Obratem V\u00e1m odpov\u00edme a vyhov\u00edme i t\u011bm nejn\u00e1ro\u010dn\u011bj\u0161\u00edm po\u017eadavk\u016fm. Objednejte si <strong>kalkulaci zdarma<\/strong>!<\/p>\n<p>&nbsp;<\/p>\n<\/div>\n<\/div><\/div><\/div><\/div><\/div>","protected":false},"excerpt":{"rendered":"<p>Zak\u00e1zkov\u00e1 kovov\u00fdroba je na\u0161\u00ed hlavn\u00ed discipl\u00ednou. Nab\u00edz\u00edme pomocnou ruku ve va\u0161ich projektech. Vyr\u00e1b\u00edme kovov\u00e9 konstrukce r\u016fzn\u00fdch rozm\u011br\u016f a tvar\u016f, zaji\u0161tujeme slu\u017eby v oblasti sva\u0159ov\u00e1n\u00ed kov\u016f jejich \u0159ez\u00e1n\u00ed, form\u00e1tov\u00e1n\u00ed, tvarov\u00e1n\u00ed a oh\u00fdb\u00e1n\u00ed. Fin\u00e1ln\u00ed kovov\u00e9 konstrukce opat\u0159\u00edme odpov\u00eddaj\u00edc\u00ed povrchovou \u00fapravou. Zak\u00e1zkov\u00e1 kovov\u00fdroba pokr\u00fdv\u00e1 \u0161irok\u00e9 spektrum oblast\u00ed. A\u0165 u\u017e se jedn\u00e1 o kovov\u00fd stojan na d\u0159evo, pracovn\u00ed st\u016fl [&hellip;]<\/p>\n","protected":false},"author":2,"featured_media":0,"parent":0,"menu_order":0,"comment_status":"closed","ping_status":"closed","template":"","meta":{"footnotes":""},"class_list":["post-282","page","type-page","status-publish","hentry","post"],"yoast_head":"<!-- This site is optimized with the Yoast SEO plugin v20.0 - https:\/\/yoast.com\/wordpress\/plugins\/seo\/ -->\n<title>Zak\u00e1zkov\u00e1 kovov\u00fdroba - Z\u00e1me\u010dnictv\u00ed a kovov\u00fdroba Veltrusy<\/title>\n<meta name=\"description\" content=\"Kovov\u00e9 ploty, br\u00e1ny, z\u00e1bradl\u00ed, schodi\u0161t\u011b, m\u0159\u00ed\u017ee, pergoly, zast\u0159e\u0161en\u00ed. Zak\u00e1zkov\u00e1 v\u00fdroba a kovov\u00fdroba Praha, St\u0159edn\u00ed \u010cechy\" \/>\n<meta name=\"robots\" content=\"index, follow, max-snippet:-1, max-image-preview:large, max-video-preview:-1\" \/>\n<link rel=\"canonical\" href=\"https:\/\/letrepair.cz\/?page_id=282\" \/>\n<meta property=\"og:locale\" content=\"cs_CZ\" \/>\n<meta property=\"og:type\" content=\"article\" \/>\n<meta property=\"og:title\" content=\"Zak\u00e1zkov\u00e1 kovov\u00fdroba - Z\u00e1me\u010dnictv\u00ed a kovov\u00fdroba Veltrusy\" \/>\n<meta property=\"og:description\" content=\"Kovov\u00e9 ploty, br\u00e1ny, z\u00e1bradl\u00ed, schodi\u0161t\u011b, m\u0159\u00ed\u017ee, pergoly, zast\u0159e\u0161en\u00ed. Zak\u00e1zkov\u00e1 v\u00fdroba a kovov\u00fdroba Praha, St\u0159edn\u00ed \u010cechy\" \/>\n<meta property=\"og:url\" content=\"https:\/\/letrepair.cz\/?page_id=282\" \/>\n<meta property=\"og:site_name\" content=\"Z\u00e1me\u010dnictv\u00ed a kovov\u00fdroba Veltrusy\" \/>\n<meta property=\"article:modified_time\" content=\"2021-03-10T12:54:17+00:00\" \/>\n<meta name=\"twitter:card\" content=\"summary_large_image\" \/>\n<meta name=\"twitter:label1\" content=\"Odhadovan\u00e1 doba \u010dten\u00ed\" \/>\n\t<meta name=\"twitter:data1\" content=\"1 minuta\" \/>\n<script type=\"application\/ld+json\" class=\"yoast-schema-graph\">{\"@context\":\"https:\/\/schema.org\",\"@graph\":[{\"@type\":\"WebPage\",\"@id\":\"https:\/\/letrepair.cz\/?page_id=282\",\"url\":\"https:\/\/letrepair.cz\/?page_id=282\",\"name\":\"Zak\u00e1zkov\u00e1 kovov\u00fdroba - Z\u00e1me\u010dnictv\u00ed a kovov\u00fdroba Veltrusy\",\"isPartOf\":{\"@id\":\"https:\/\/letrepair.cz\/#website\"},\"datePublished\":\"2021-03-03T18:48:51+00:00\",\"dateModified\":\"2021-03-10T12:54:17+00:00\",\"description\":\"Kovov\u00e9 ploty, br\u00e1ny, z\u00e1bradl\u00ed, schodi\u0161t\u011b, m\u0159\u00ed\u017ee, pergoly, zast\u0159e\u0161en\u00ed. Zak\u00e1zkov\u00e1 v\u00fdroba a kovov\u00fdroba Praha, St\u0159edn\u00ed \u010cechy\",\"breadcrumb\":{\"@id\":\"https:\/\/letrepair.cz\/?page_id=282#breadcrumb\"},\"inLanguage\":\"cs\",\"potentialAction\":[{\"@type\":\"ReadAction\",\"target\":[\"https:\/\/letrepair.cz\/?page_id=282\"]}]},{\"@type\":\"BreadcrumbList\",\"@id\":\"https:\/\/letrepair.cz\/?page_id=282#breadcrumb\",\"itemListElement\":[{\"@type\":\"ListItem\",\"position\":1,\"name\":\"Dom\u016f\",\"item\":\"https:\/\/letrepair.cz\/\"},{\"@type\":\"ListItem\",\"position\":2,\"name\":\"Zak\u00e1zkov\u00e1 kovov\u00fdroba\"}]},{\"@type\":\"WebSite\",\"@id\":\"https:\/\/letrepair.cz\/#website\",\"url\":\"https:\/\/letrepair.cz\/\",\"name\":\"Z\u00e1me\u010dnictv\u00ed a kovov\u00fdroba Veltrusy\",\"description\":\"Let RePair s.r.o.\",\"publisher\":{\"@id\":\"https:\/\/letrepair.cz\/#organization\"},\"potentialAction\":[{\"@type\":\"SearchAction\",\"target\":{\"@type\":\"EntryPoint\",\"urlTemplate\":\"https:\/\/letrepair.cz\/?s={search_term_string}\"},\"query-input\":\"required name=search_term_string\"}],\"inLanguage\":\"cs\"},{\"@type\":\"Organization\",\"@id\":\"https:\/\/letrepair.cz\/#organization\",\"name\":\"Z\u00e1me\u010dnictv\u00ed a kovov\u00fdroba Veltrusy\",\"url\":\"https:\/\/letrepair.cz\/\",\"logo\":{\"@type\":\"ImageObject\",\"inLanguage\":\"cs\",\"@id\":\"https:\/\/letrepair.cz\/#\/schema\/logo\/image\/\",\"url\":\"https:\/\/letrepair.cz\/domains\/letrepair.cz\/wp-content\/uploads\/2021\/02\/logo_150.png\",\"contentUrl\":\"https:\/\/letrepair.cz\/domains\/letrepair.cz\/wp-content\/uploads\/2021\/02\/logo_150.png\",\"width\":377,\"height\":150,\"caption\":\"Z\u00e1me\u010dnictv\u00ed a kovov\u00fdroba Veltrusy\"},\"image\":{\"@id\":\"https:\/\/letrepair.cz\/#\/schema\/logo\/image\/\"}}]}<\/script>\n<!-- \/ Yoast SEO plugin. -->","yoast_head_json":{"title":"Zak\u00e1zkov\u00e1 kovov\u00fdroba - Z\u00e1me\u010dnictv\u00ed a kovov\u00fdroba Veltrusy","description":"Kovov\u00e9 ploty, br\u00e1ny, z\u00e1bradl\u00ed, schodi\u0161t\u011b, m\u0159\u00ed\u017ee, pergoly, zast\u0159e\u0161en\u00ed. Zak\u00e1zkov\u00e1 v\u00fdroba a kovov\u00fdroba Praha, St\u0159edn\u00ed \u010cechy","robots":{"index":"index","follow":"follow","max-snippet":"max-snippet:-1","max-image-preview":"max-image-preview:large","max-video-preview":"max-video-preview:-1"},"canonical":"https:\/\/letrepair.cz\/?page_id=282","og_locale":"cs_CZ","og_type":"article","og_title":"Zak\u00e1zkov\u00e1 kovov\u00fdroba - Z\u00e1me\u010dnictv\u00ed a kovov\u00fdroba Veltrusy","og_description":"Kovov\u00e9 ploty, br\u00e1ny, z\u00e1bradl\u00ed, schodi\u0161t\u011b, m\u0159\u00ed\u017ee, pergoly, zast\u0159e\u0161en\u00ed. Zak\u00e1zkov\u00e1 v\u00fdroba a kovov\u00fdroba Praha, St\u0159edn\u00ed \u010cechy","og_url":"https:\/\/letrepair.cz\/?page_id=282","og_site_name":"Z\u00e1me\u010dnictv\u00ed a kovov\u00fdroba Veltrusy","article_modified_time":"2021-03-10T12:54:17+00:00","twitter_card":"summary_large_image","twitter_misc":{"Odhadovan\u00e1 doba \u010dten\u00ed":"1 minuta"},"schema":{"@context":"https:\/\/schema.org","@graph":[{"@type":"WebPage","@id":"https:\/\/letrepair.cz\/?page_id=282","url":"https:\/\/letrepair.cz\/?page_id=282","name":"Zak\u00e1zkov\u00e1 kovov\u00fdroba - Z\u00e1me\u010dnictv\u00ed a kovov\u00fdroba Veltrusy","isPartOf":{"@id":"https:\/\/letrepair.cz\/#website"},"datePublished":"2021-03-03T18:48:51+00:00","dateModified":"2021-03-10T12:54:17+00:00","description":"Kovov\u00e9 ploty, br\u00e1ny, z\u00e1bradl\u00ed, schodi\u0161t\u011b, m\u0159\u00ed\u017ee, pergoly, zast\u0159e\u0161en\u00ed. Zak\u00e1zkov\u00e1 v\u00fdroba a kovov\u00fdroba Praha, St\u0159edn\u00ed \u010cechy","breadcrumb":{"@id":"https:\/\/letrepair.cz\/?page_id=282#breadcrumb"},"inLanguage":"cs","potentialAction":[{"@type":"ReadAction","target":["https:\/\/letrepair.cz\/?page_id=282"]}]},{"@type":"BreadcrumbList","@id":"https:\/\/letrepair.cz\/?page_id=282#breadcrumb","itemListElement":[{"@type":"ListItem","position":1,"name":"Dom\u016f","item":"https:\/\/letrepair.cz\/"},{"@type":"ListItem","position":2,"name":"Zak\u00e1zkov\u00e1 kovov\u00fdroba"}]},{"@type":"WebSite","@id":"https:\/\/letrepair.cz\/#website","url":"https:\/\/letrepair.cz\/","name":"Z\u00e1me\u010dnictv\u00ed a kovov\u00fdroba Veltrusy","description":"Let RePair s.r.o.","publisher":{"@id":"https:\/\/letrepair.cz\/#organization"},"potentialAction":[{"@type":"SearchAction","target":{"@type":"EntryPoint","urlTemplate":"https:\/\/letrepair.cz\/?s={search_term_string}"},"query-input":"required name=search_term_string"}],"inLanguage":"cs"},{"@type":"Organization","@id":"https:\/\/letrepair.cz\/#organization","name":"Z\u00e1me\u010dnictv\u00ed a kovov\u00fdroba Veltrusy","url":"https:\/\/letrepair.cz\/","logo":{"@type":"ImageObject","inLanguage":"cs","@id":"https:\/\/letrepair.cz\/#\/schema\/logo\/image\/","url":"https:\/\/letrepair.cz\/domains\/letrepair.cz\/wp-content\/uploads\/2021\/02\/logo_150.png","contentUrl":"https:\/\/letrepair.cz\/domains\/letrepair.cz\/wp-content\/uploads\/2021\/02\/logo_150.png","width":377,"height":150,"caption":"Z\u00e1me\u010dnictv\u00ed a kovov\u00fdroba Veltrusy"},"image":{"@id":"https:\/\/letrepair.cz\/#\/schema\/logo\/image\/"}}]}},"_links":{"self":[{"href":"https:\/\/letrepair.cz\/index.php?rest_route=\/wp\/v2\/pages\/282","targetHints":{"allow":["GET"]}}],"collection":[{"href":"https:\/\/letrepair.cz\/index.php?rest_route=\/wp\/v2\/pages"}],"about":[{"href":"https:\/\/letrepair.cz\/index.php?rest_route=\/wp\/v2\/types\/page"}],"author":[{"embeddable":true,"href":"https:\/\/letrepair.cz\/index.php?rest_route=\/wp\/v2\/users\/2"}],"replies":[{"embeddable":true,"href":"https:\/\/letrepair.cz\/index.php?rest_route=%2Fwp%2Fv2%2Fcomments&post=282"}],"version-history":[{"count":6,"href":"https:\/\/letrepair.cz\/index.php?rest_route=\/wp\/v2\/pages\/282\/revisions"}],"predecessor-version":[{"id":440,"href":"https:\/\/letrepair.cz\/index.php?rest_route=\/wp\/v2\/pages\/282\/revisions\/440"}],"wp:attachment":[{"href":"https:\/\/letrepair.cz\/index.php?rest_route=%2Fwp%2Fv2%2Fmedia&parent=282"}],"curies":[{"name":"wp","href":"https:\/\/api.w.org\/{rel}","templated":true}]}}