{"id":284,"date":"2021-03-03T19:49:28","date_gmt":"2021-03-03T18:49:28","guid":{"rendered":"http:\/\/letrepair.cz\/domains\/letrepair.cz\/?page_id=284"},"modified":"2021-03-10T13:53:00","modified_gmt":"2021-03-10T12:53:00","slug":"ploty-a-plotove-dilce","status":"publish","type":"page","link":"https:\/\/letrepair.cz\/?page_id=284","title":{"rendered":"Ploty a plotov\u00e9 d\u00edlce"},"content":{"rendered":"<div id=\"pl-284\"  class=\"panel-layout\" ><div id=\"pg-284-0\"  class=\"panel-grid panel-has-style\" ><div id=\"sluzby\" class=\"panel-row-style panel-row-style-for-284-0\" ><div id=\"pgc-284-0-0\"  class=\"panel-grid-cell\" ><div id=\"panel-284-0-0-0\" class=\"so-panel widget widget_sow-headline panel-first-child panel-last-child\" data-index=\"0\" ><div\n\t\t\t\n\t\t\tclass=\"so-widget-sow-headline so-widget-sow-headline-default-1c8a243d2967-284\"\n\t\t\t\n\t\t><div class=\"sow-headline-container \">\n\t<h1 class='sow-headline'>Ploty a plotov\u00e9 d\u00edlce<\/h1>\t\t\t\t\t<div class=\"decoration\">\n\t\t\t\t\t\t<div class=\"decoration-inside\"><\/div>\n\t\t\t\t\t<\/div>\n\t\t\t\t\t<\/div><\/div><\/div><\/div><\/div><\/div><div id=\"pg-284-1\"  class=\"panel-grid panel-no-style\" ><div id=\"pgc-284-1-0\"  class=\"panel-grid-cell\" ><div id=\"panel-284-1-0-0\" class=\"so-panel widget widget_sow-editor panel-first-child panel-last-child\" data-index=\"1\" ><div\n\t\t\t\n\t\t\tclass=\"so-widget-sow-editor so-widget-sow-editor-base\"\n\t\t\t\n\t\t>\n<div class=\"siteorigin-widget-tinymce textwidget\">\n\t<p>Kvalitn\u00ed ploty, plotov\u00e1 pole a plotov\u00e9 d\u00edlce pat\u0159\u00ed ke ka\u017ed\u00e9mu domu. Kovov\u00e9 ploty jsou ide\u00e1ln\u00ed volbou z hlediska kvality, estetiky a zejm\u00e9na odolnosti. Plotov\u00e9 d\u00edlce, plotov\u00e1 pole nebo i cel\u00e9 ploty vyr\u00e1b\u00edme v\u017edy dle va\u0161ich po\u017eadavk\u016f z mnoha materi\u00e1l\u016f. Va\u0161\u00ed fantazii se meze nekladou. A\u0165 u\u017e se jedn\u00e1 o esteticky zaj\u00edmav\u00e9 kovan\u00e9 ploty, velice modern\u00ed ocelov\u00e9 a nerezov\u00e9 ploty nebo lehk\u00e9 a ekonomick\u00e9 hlin\u00edkov\u00e9 ploty, budete s na\u0161imi v\u00fdrobky naprosto spokojeni.<\/p>\n<p>Pot\u0159ebujete kovov\u00fd plot nebo jen kovov\u00e9 plotov\u00e9 pole p\u0159\u00edpadn\u011b kovov\u00fd plotov\u00fd d\u00edlec? Pak se nev\u00e1hejte obr\u00e1tit na n\u00e1s! Vyr\u00e1b\u00edme kovan\u00e9, ocelov\u00e9, nerezov\u00e9 i hlin\u00edkov\u00e9 ploty, plotov\u00e9 d\u00edlce a plotov\u00e1 pole pro rodinn\u00e9 domy, podniky, pr\u016fmysl a mnoho dal\u0161\u00edch odv\u011btv\u00ed. Na\u0161e kovov\u00e9 ploty, plotov\u00e1 pole a plotov\u00e9 d\u00edlce jsou poctiv\u011b navr\u017een\u00e9 a vyroben\u00e9 s pe\u010dlivost\u00ed n\u00e1m vlastn\u00ed. Vyu\u017e\u00edv\u00e1me kvalitn\u00ed a certifikovan\u00e9 materi\u00e1ly. Kovov\u00e9 ploty od Let Repair vydr\u017e\u00ed nav\u011bky!<\/p>\n<h3><span style=\"font-size: 20px;\">Vyr\u00e1b\u00edme:<\/span><\/h3>\n<ul>\n<li style=\"list-style-type: none;\">\n<ul>\n<li>Ploty<\/li>\n<li>Plotov\u00e1 pole<\/li>\n<li>Plotov\u00e9 d\u00edlce<\/li>\n<\/ul>\n<\/li>\n<\/ul>\n<h2>Hlin\u00edkov\u00e9, ocelov\u00e9, kovan\u00e9 a nerezov\u00e9 ploty, plotov\u00e1 pole a plotov\u00e9 d\u00edlce nab\u00edz\u00edme v t\u011bchto oblastech:<\/h2>\n<h3>Kralupy nad Vltavou, M\u011bln\u00edk, Praha, Zdiby, Veltrusy, Velvary, Kladno<\/h3>\n<p>Zaujala V\u00e1s na\u0161e nab\u00eddka? Nev\u00e1hejte n\u00e1s kontaktovat telefonem, emailem nebo p\u0159es kontaktn\u00ed formul\u00e1\u0159. Obratem V\u00e1m odpov\u00edme a vyhov\u00edme i t\u011bm nejn\u00e1ro\u010dn\u011bj\u0161\u00edm po\u017eadavk\u016fm. Objednejte si <strong>kalkulaci zdarma<\/strong>!<\/p>\n<p>&nbsp;<\/p>\n<\/div>\n<\/div><\/div><\/div><\/div><\/div>","protected":false},"excerpt":{"rendered":"<p>Kvalitn\u00ed ploty, plotov\u00e1 pole a plotov\u00e9 d\u00edlce pat\u0159\u00ed ke ka\u017ed\u00e9mu domu. Kovov\u00e9 ploty jsou ide\u00e1ln\u00ed volbou z hlediska kvality, estetiky a zejm\u00e9na odolnosti. Plotov\u00e9 d\u00edlce, plotov\u00e1 pole nebo i cel\u00e9 ploty vyr\u00e1b\u00edme v\u017edy dle va\u0161ich po\u017eadavk\u016f z mnoha materi\u00e1l\u016f. Va\u0161\u00ed fantazii se meze nekladou. A\u0165 u\u017e se jedn\u00e1 o esteticky zaj\u00edmav\u00e9 kovan\u00e9 ploty, velice modern\u00ed [&hellip;]<\/p>\n","protected":false},"author":2,"featured_media":0,"parent":0,"menu_order":0,"comment_status":"closed","ping_status":"closed","template":"","meta":{"footnotes":""},"class_list":["post-284","page","type-page","status-publish","hentry","post"],"yoast_head":"<!-- This site is optimized with the Yoast SEO plugin v20.0 - https:\/\/yoast.com\/wordpress\/plugins\/seo\/ -->\n<title>Ploty a plotov\u00e9 d\u00edlce - Z\u00e1me\u010dnictv\u00ed a kovov\u00fdroba Veltrusy<\/title>\n<meta name=\"description\" content=\"Kovov\u00e9 ploty, br\u00e1ny, z\u00e1bradl\u00ed, schodi\u0161t\u011b, m\u0159\u00ed\u017ee, pergoly, zast\u0159e\u0161en\u00ed. Zak\u00e1zkov\u00e1 v\u00fdroba a kovov\u00fdroba Praha, St\u0159edn\u00ed \u010cechy\" \/>\n<meta name=\"robots\" content=\"index, follow, max-snippet:-1, max-image-preview:large, max-video-preview:-1\" \/>\n<link rel=\"canonical\" href=\"https:\/\/letrepair.cz\/?page_id=284\" \/>\n<meta property=\"og:locale\" content=\"cs_CZ\" \/>\n<meta property=\"og:type\" content=\"article\" \/>\n<meta property=\"og:title\" content=\"Ploty a plotov\u00e9 d\u00edlce - Z\u00e1me\u010dnictv\u00ed a kovov\u00fdroba Veltrusy\" \/>\n<meta property=\"og:description\" content=\"Kovov\u00e9 ploty, br\u00e1ny, z\u00e1bradl\u00ed, schodi\u0161t\u011b, m\u0159\u00ed\u017ee, pergoly, zast\u0159e\u0161en\u00ed. Zak\u00e1zkov\u00e1 v\u00fdroba a kovov\u00fdroba Praha, St\u0159edn\u00ed \u010cechy\" \/>\n<meta property=\"og:url\" content=\"https:\/\/letrepair.cz\/?page_id=284\" \/>\n<meta property=\"og:site_name\" content=\"Z\u00e1me\u010dnictv\u00ed a kovov\u00fdroba Veltrusy\" \/>\n<meta property=\"article:modified_time\" content=\"2021-03-10T12:53:00+00:00\" \/>\n<meta name=\"twitter:card\" content=\"summary_large_image\" \/>\n<meta name=\"twitter:label1\" content=\"Odhadovan\u00e1 doba \u010dten\u00ed\" \/>\n\t<meta name=\"twitter:data1\" content=\"1 minuta\" \/>\n<script type=\"application\/ld+json\" class=\"yoast-schema-graph\">{\"@context\":\"https:\/\/schema.org\",\"@graph\":[{\"@type\":\"WebPage\",\"@id\":\"https:\/\/letrepair.cz\/?page_id=284\",\"url\":\"https:\/\/letrepair.cz\/?page_id=284\",\"name\":\"Ploty a plotov\u00e9 d\u00edlce - Z\u00e1me\u010dnictv\u00ed a kovov\u00fdroba Veltrusy\",\"isPartOf\":{\"@id\":\"https:\/\/letrepair.cz\/#website\"},\"datePublished\":\"2021-03-03T18:49:28+00:00\",\"dateModified\":\"2021-03-10T12:53:00+00:00\",\"description\":\"Kovov\u00e9 ploty, br\u00e1ny, z\u00e1bradl\u00ed, schodi\u0161t\u011b, m\u0159\u00ed\u017ee, pergoly, zast\u0159e\u0161en\u00ed. Zak\u00e1zkov\u00e1 v\u00fdroba a kovov\u00fdroba Praha, St\u0159edn\u00ed \u010cechy\",\"breadcrumb\":{\"@id\":\"https:\/\/letrepair.cz\/?page_id=284#breadcrumb\"},\"inLanguage\":\"cs\",\"potentialAction\":[{\"@type\":\"ReadAction\",\"target\":[\"https:\/\/letrepair.cz\/?page_id=284\"]}]},{\"@type\":\"BreadcrumbList\",\"@id\":\"https:\/\/letrepair.cz\/?page_id=284#breadcrumb\",\"itemListElement\":[{\"@type\":\"ListItem\",\"position\":1,\"name\":\"Dom\u016f\",\"item\":\"https:\/\/letrepair.cz\/\"},{\"@type\":\"ListItem\",\"position\":2,\"name\":\"Ploty a plotov\u00e9 d\u00edlce\"}]},{\"@type\":\"WebSite\",\"@id\":\"https:\/\/letrepair.cz\/#website\",\"url\":\"https:\/\/letrepair.cz\/\",\"name\":\"Z\u00e1me\u010dnictv\u00ed a kovov\u00fdroba Veltrusy\",\"description\":\"Let RePair s.r.o.\",\"publisher\":{\"@id\":\"https:\/\/letrepair.cz\/#organization\"},\"potentialAction\":[{\"@type\":\"SearchAction\",\"target\":{\"@type\":\"EntryPoint\",\"urlTemplate\":\"https:\/\/letrepair.cz\/?s={search_term_string}\"},\"query-input\":\"required name=search_term_string\"}],\"inLanguage\":\"cs\"},{\"@type\":\"Organization\",\"@id\":\"https:\/\/letrepair.cz\/#organization\",\"name\":\"Z\u00e1me\u010dnictv\u00ed a kovov\u00fdroba Veltrusy\",\"url\":\"https:\/\/letrepair.cz\/\",\"logo\":{\"@type\":\"ImageObject\",\"inLanguage\":\"cs\",\"@id\":\"https:\/\/letrepair.cz\/#\/schema\/logo\/image\/\",\"url\":\"https:\/\/letrepair.cz\/domains\/letrepair.cz\/wp-content\/uploads\/2021\/02\/logo_150.png\",\"contentUrl\":\"https:\/\/letrepair.cz\/domains\/letrepair.cz\/wp-content\/uploads\/2021\/02\/logo_150.png\",\"width\":377,\"height\":150,\"caption\":\"Z\u00e1me\u010dnictv\u00ed a kovov\u00fdroba Veltrusy\"},\"image\":{\"@id\":\"https:\/\/letrepair.cz\/#\/schema\/logo\/image\/\"}}]}<\/script>\n<!-- \/ Yoast SEO plugin. -->","yoast_head_json":{"title":"Ploty a plotov\u00e9 d\u00edlce - Z\u00e1me\u010dnictv\u00ed a kovov\u00fdroba Veltrusy","description":"Kovov\u00e9 ploty, br\u00e1ny, z\u00e1bradl\u00ed, schodi\u0161t\u011b, m\u0159\u00ed\u017ee, pergoly, zast\u0159e\u0161en\u00ed. Zak\u00e1zkov\u00e1 v\u00fdroba a kovov\u00fdroba Praha, St\u0159edn\u00ed \u010cechy","robots":{"index":"index","follow":"follow","max-snippet":"max-snippet:-1","max-image-preview":"max-image-preview:large","max-video-preview":"max-video-preview:-1"},"canonical":"https:\/\/letrepair.cz\/?page_id=284","og_locale":"cs_CZ","og_type":"article","og_title":"Ploty a plotov\u00e9 d\u00edlce - Z\u00e1me\u010dnictv\u00ed a kovov\u00fdroba Veltrusy","og_description":"Kovov\u00e9 ploty, br\u00e1ny, z\u00e1bradl\u00ed, schodi\u0161t\u011b, m\u0159\u00ed\u017ee, pergoly, zast\u0159e\u0161en\u00ed. Zak\u00e1zkov\u00e1 v\u00fdroba a kovov\u00fdroba Praha, St\u0159edn\u00ed \u010cechy","og_url":"https:\/\/letrepair.cz\/?page_id=284","og_site_name":"Z\u00e1me\u010dnictv\u00ed a kovov\u00fdroba Veltrusy","article_modified_time":"2021-03-10T12:53:00+00:00","twitter_card":"summary_large_image","twitter_misc":{"Odhadovan\u00e1 doba \u010dten\u00ed":"1 minuta"},"schema":{"@context":"https:\/\/schema.org","@graph":[{"@type":"WebPage","@id":"https:\/\/letrepair.cz\/?page_id=284","url":"https:\/\/letrepair.cz\/?page_id=284","name":"Ploty a plotov\u00e9 d\u00edlce - Z\u00e1me\u010dnictv\u00ed a kovov\u00fdroba Veltrusy","isPartOf":{"@id":"https:\/\/letrepair.cz\/#website"},"datePublished":"2021-03-03T18:49:28+00:00","dateModified":"2021-03-10T12:53:00+00:00","description":"Kovov\u00e9 ploty, br\u00e1ny, z\u00e1bradl\u00ed, schodi\u0161t\u011b, m\u0159\u00ed\u017ee, pergoly, zast\u0159e\u0161en\u00ed. Zak\u00e1zkov\u00e1 v\u00fdroba a kovov\u00fdroba Praha, St\u0159edn\u00ed \u010cechy","breadcrumb":{"@id":"https:\/\/letrepair.cz\/?page_id=284#breadcrumb"},"inLanguage":"cs","potentialAction":[{"@type":"ReadAction","target":["https:\/\/letrepair.cz\/?page_id=284"]}]},{"@type":"BreadcrumbList","@id":"https:\/\/letrepair.cz\/?page_id=284#breadcrumb","itemListElement":[{"@type":"ListItem","position":1,"name":"Dom\u016f","item":"https:\/\/letrepair.cz\/"},{"@type":"ListItem","position":2,"name":"Ploty a plotov\u00e9 d\u00edlce"}]},{"@type":"WebSite","@id":"https:\/\/letrepair.cz\/#website","url":"https:\/\/letrepair.cz\/","name":"Z\u00e1me\u010dnictv\u00ed a kovov\u00fdroba Veltrusy","description":"Let RePair s.r.o.","publisher":{"@id":"https:\/\/letrepair.cz\/#organization"},"potentialAction":[{"@type":"SearchAction","target":{"@type":"EntryPoint","urlTemplate":"https:\/\/letrepair.cz\/?s={search_term_string}"},"query-input":"required name=search_term_string"}],"inLanguage":"cs"},{"@type":"Organization","@id":"https:\/\/letrepair.cz\/#organization","name":"Z\u00e1me\u010dnictv\u00ed a kovov\u00fdroba Veltrusy","url":"https:\/\/letrepair.cz\/","logo":{"@type":"ImageObject","inLanguage":"cs","@id":"https:\/\/letrepair.cz\/#\/schema\/logo\/image\/","url":"https:\/\/letrepair.cz\/domains\/letrepair.cz\/wp-content\/uploads\/2021\/02\/logo_150.png","contentUrl":"https:\/\/letrepair.cz\/domains\/letrepair.cz\/wp-content\/uploads\/2021\/02\/logo_150.png","width":377,"height":150,"caption":"Z\u00e1me\u010dnictv\u00ed a kovov\u00fdroba Veltrusy"},"image":{"@id":"https:\/\/letrepair.cz\/#\/schema\/logo\/image\/"}}]}},"_links":{"self":[{"href":"https:\/\/letrepair.cz\/index.php?rest_route=\/wp\/v2\/pages\/284","targetHints":{"allow":["GET"]}}],"collection":[{"href":"https:\/\/letrepair.cz\/index.php?rest_route=\/wp\/v2\/pages"}],"about":[{"href":"https:\/\/letrepair.cz\/index.php?rest_route=\/wp\/v2\/types\/page"}],"author":[{"embeddable":true,"href":"https:\/\/letrepair.cz\/index.php?rest_route=\/wp\/v2\/users\/2"}],"replies":[{"embeddable":true,"href":"https:\/\/letrepair.cz\/index.php?rest_route=%2Fwp%2Fv2%2Fcomments&post=284"}],"version-history":[{"count":6,"href":"https:\/\/letrepair.cz\/index.php?rest_route=\/wp\/v2\/pages\/284\/revisions"}],"predecessor-version":[{"id":432,"href":"https:\/\/letrepair.cz\/index.php?rest_route=\/wp\/v2\/pages\/284\/revisions\/432"}],"wp:attachment":[{"href":"https:\/\/letrepair.cz\/index.php?rest_route=%2Fwp%2Fv2%2Fmedia&parent=284"}],"curies":[{"name":"wp","href":"https:\/\/api.w.org\/{rel}","templated":true}]}}