{"id":288,"date":"2021-03-03T19:50:46","date_gmt":"2021-03-03T18:50:46","guid":{"rendered":"http:\/\/letrepair.cz\/domains\/letrepair.cz\/?page_id=288"},"modified":"2021-03-12T20:32:13","modified_gmt":"2021-03-12T19:32:13","slug":"mrize-a-zabradli","status":"publish","type":"page","link":"https:\/\/letrepair.cz\/?page_id=288","title":{"rendered":"M\u0159\u00ed\u017ee a z\u00e1bradl\u00ed"},"content":{"rendered":"<div id=\"pl-288\"  class=\"panel-layout\" ><div id=\"pg-288-0\"  class=\"panel-grid panel-has-style\" ><div id=\"sluzby\" class=\"panel-row-style panel-row-style-for-288-0\" ><div id=\"pgc-288-0-0\"  class=\"panel-grid-cell\" ><div id=\"panel-288-0-0-0\" class=\"so-panel widget widget_sow-headline panel-first-child panel-last-child\" data-index=\"0\" ><div\n\t\t\t\n\t\t\tclass=\"so-widget-sow-headline so-widget-sow-headline-default-1c8a243d2967-288\"\n\t\t\t\n\t\t><div class=\"sow-headline-container \">\n\t<h1 class='sow-headline'>M\u0159\u00ed\u017ee a z\u00e1bradl\u00ed<\/h1>\t\t\t\t\t<div class=\"decoration\">\n\t\t\t\t\t\t<div class=\"decoration-inside\"><\/div>\n\t\t\t\t\t<\/div>\n\t\t\t\t\t<\/div><\/div><\/div><\/div><\/div><\/div><div id=\"pg-288-1\"  class=\"panel-grid panel-no-style\" ><div id=\"pgc-288-1-0\"  class=\"panel-grid-cell\" ><div id=\"panel-288-1-0-0\" class=\"so-panel widget widget_sow-editor panel-first-child panel-last-child\" data-index=\"1\" ><div\n\t\t\t\n\t\t\tclass=\"so-widget-sow-editor so-widget-sow-editor-base\"\n\t\t\t\n\t\t>\n<div class=\"siteorigin-widget-tinymce textwidget\">\n\t<p>M\u0159\u00ed\u017ee a z\u00e1bradl\u00ed najdete t\u00e9m\u011b\u0159 na ka\u017ed\u00e9 nemovitosti. Schodi\u0161\u0165ov\u00e9 z\u00e1bradl\u00ed zajist\u00ed va\u0161i bezpe\u010dnost na schodi\u0161ti, nav\u00edc p\u016fsob\u00ed jako velmi l\u00edbiv\u00fd prvek v interi\u00e9ru i exteri\u00e9ru. Zvl\u00e1\u0161\u0165 zaj\u00edmav\u00e1 jsou kovan\u00e1 z\u00e1bradl\u00ed. Pokud je va\u0161e nemovitost vybavena terasou nebo balkonem, pak ur\u010dit\u011b ocen\u00edte terasov\u00e9 nebo balk\u00f3nov\u00e9 z\u00e1bradl\u00ed. Z\u00e1bradl\u00ed na balkon, podobn\u011b jako z\u00e1bradl\u00ed na terasu a z\u00e1bradl\u00ed na schody, vyr\u00e1b\u00edme z mnoha materi\u00e1l\u016f. Design p\u0159izp\u016fsob\u00edme p\u0159esn\u011b va\u0161im po\u017eadavk\u016fm.<\/p>\n<p>Pokud chcete zajistit bezpe\u010dnost sebe i sv\u00e9ho majetku, jsou kovov\u00e9 m\u0159\u00ed\u017ee jasnou volbou. A\u0165 u\u017e se jedn\u00e1 o kovan\u00e9 m\u0159\u00ed\u017ee, ocelov\u00e9 m\u0159\u00ed\u017ee, hlin\u00edkov\u00e9 m\u0159\u00ed\u017ee nebo t\u0159eba m\u0159\u00ed\u017ee nerezov\u00e9, dok\u00e1\u017eeme splnit v\u0161echny va\u0161e po\u017eadavky na kvalitu i estetickou hodnotu.<\/p>\n<p>Pot\u0159ebujete kvalitn\u00ed z\u00e1bradl\u00ed nebo m\u0159\u00ed\u017e? Vyr\u00e1b\u00edme kovan\u00e1, ocelov\u00e1, nerezov\u00e1 i hlin\u00edkov\u00e1 z\u00e1bradl\u00ed a m\u0159\u00ed\u017ee pro rodinn\u00e9 domy, podniky, pr\u016fmysl a mnoho dal\u0161\u00edch odv\u011btv\u00ed. Na\u0161e kovov\u00e1 z\u00e1bradl\u00ed a kovov\u00e9 m\u0159\u00ed\u017ee jsou poctiv\u011b navr\u017een\u00e9 a vyroben\u00e9 s pe\u010dlivost\u00ed n\u00e1m vlastn\u00ed. Vyu\u017e\u00edv\u00e1me kvalitn\u00ed a certifikovan\u00e9 materi\u00e1ly. M\u0159\u00ed\u017ee a z\u00e1bradl\u00ed od Let Repair vydr\u017e\u00ed nav\u011bky!<\/p>\n<h3><span style=\"font-size: 20px;\">Vyr\u00e1b\u00edme:<\/span><\/h3>\n<ul>\n<li style=\"list-style-type: none;\">\n<ul>\n<li>Z\u00e1bradl\u00ed na terasu<\/li>\n<li>Z\u00e1bradl\u00ed na balkon<\/li>\n<li>Z\u00e1bradl\u00ed na schodi\u0161t\u011b<\/li>\n<li>M\u0159\u00ed\u017ee<\/li>\n<\/ul>\n<\/li>\n<\/ul>\n<h2>Hlin\u00edkov\u00e9, ocelov\u00e9, kovan\u00e9 a nerezov\u00e9 m\u0159\u00ed\u017ee a z\u00e1bradl\u00ed nab\u00edz\u00edme v t\u011bchto oblastech:<\/h2>\n<h3>Kralupy nad Vltavou, M\u011bln\u00edk, Praha, Zdiby, Veltrusy, Velvary, Kladno<\/h3>\n<p>Zaujala V\u00e1s na\u0161e nab\u00eddka? Nev\u00e1hejte n\u00e1s kontaktovat telefonem, emailem nebo p\u0159es kontaktn\u00ed formul\u00e1\u0159. Obratem V\u00e1m odpov\u00edme a vyhov\u00edme i t\u011bm nejn\u00e1ro\u010dn\u011bj\u0161\u00edm po\u017eadavk\u016fm. Objednejte si <strong>kalkulaci zdarma<\/strong>!<\/p>\n<p>&nbsp;<\/p>\n<\/div>\n<\/div><\/div><\/div><\/div><\/div>","protected":false},"excerpt":{"rendered":"<p>M\u0159\u00ed\u017ee a z\u00e1bradl\u00ed najdete t\u00e9m\u011b\u0159 na ka\u017ed\u00e9 nemovitosti. Schodi\u0161\u0165ov\u00e9 z\u00e1bradl\u00ed zajist\u00ed va\u0161i bezpe\u010dnost na schodi\u0161ti, nav\u00edc p\u016fsob\u00ed jako velmi l\u00edbiv\u00fd prvek v interi\u00e9ru i exteri\u00e9ru. Zvl\u00e1\u0161\u0165 zaj\u00edmav\u00e1 jsou kovan\u00e1 z\u00e1bradl\u00ed. Pokud je va\u0161e nemovitost vybavena terasou nebo balkonem, pak ur\u010dit\u011b ocen\u00edte terasov\u00e9 nebo balk\u00f3nov\u00e9 z\u00e1bradl\u00ed. Z\u00e1bradl\u00ed na balkon, podobn\u011b jako z\u00e1bradl\u00ed na terasu a z\u00e1bradl\u00ed [&hellip;]<\/p>\n","protected":false},"author":2,"featured_media":0,"parent":0,"menu_order":0,"comment_status":"closed","ping_status":"closed","template":"","meta":{"footnotes":""},"class_list":["post-288","page","type-page","status-publish","hentry","post"],"yoast_head":"<!-- This site is optimized with the Yoast SEO plugin v20.0 - https:\/\/yoast.com\/wordpress\/plugins\/seo\/ -->\n<title>M\u0159\u00ed\u017ee a z\u00e1bradl\u00ed - Let Repair s.r.o. Z\u00e1me\u010dnictv\u00ed a kovov\u00fdroba Veltrusy<\/title>\n<meta name=\"description\" content=\"Kovov\u00e9 ploty, br\u00e1ny, z\u00e1bradl\u00ed, schodi\u0161t\u011b, m\u0159\u00ed\u017ee, pergoly, zast\u0159e\u0161en\u00ed. Zak\u00e1zkov\u00e1 v\u00fdroba a kovov\u00fdroba Praha, St\u0159edn\u00ed \u010cechy\" \/>\n<meta name=\"robots\" content=\"index, follow, max-snippet:-1, max-image-preview:large, max-video-preview:-1\" \/>\n<link rel=\"canonical\" href=\"https:\/\/letrepair.cz\/?page_id=288\" \/>\n<meta property=\"og:locale\" content=\"cs_CZ\" \/>\n<meta property=\"og:type\" content=\"article\" \/>\n<meta property=\"og:title\" content=\"M\u0159\u00ed\u017ee a z\u00e1bradl\u00ed - Let Repair s.r.o. Z\u00e1me\u010dnictv\u00ed a kovov\u00fdroba Veltrusy\" \/>\n<meta property=\"og:description\" content=\"Kovov\u00e9 ploty, br\u00e1ny, z\u00e1bradl\u00ed, schodi\u0161t\u011b, m\u0159\u00ed\u017ee, pergoly, zast\u0159e\u0161en\u00ed. Zak\u00e1zkov\u00e1 v\u00fdroba a kovov\u00fdroba Praha, St\u0159edn\u00ed \u010cechy\" \/>\n<meta property=\"og:url\" content=\"https:\/\/letrepair.cz\/?page_id=288\" \/>\n<meta property=\"og:site_name\" content=\"Z\u00e1me\u010dnictv\u00ed a kovov\u00fdroba Veltrusy\" \/>\n<meta property=\"article:modified_time\" content=\"2021-03-12T19:32:13+00:00\" \/>\n<meta name=\"twitter:card\" content=\"summary_large_image\" \/>\n<meta name=\"twitter:label1\" content=\"Odhadovan\u00e1 doba \u010dten\u00ed\" \/>\n\t<meta name=\"twitter:data1\" content=\"2 minuty\" \/>\n<script type=\"application\/ld+json\" class=\"yoast-schema-graph\">{\"@context\":\"https:\/\/schema.org\",\"@graph\":[{\"@type\":\"WebPage\",\"@id\":\"https:\/\/letrepair.cz\/?page_id=288\",\"url\":\"https:\/\/letrepair.cz\/?page_id=288\",\"name\":\"M\u0159\u00ed\u017ee a z\u00e1bradl\u00ed - Let Repair s.r.o. Z\u00e1me\u010dnictv\u00ed a kovov\u00fdroba Veltrusy\",\"isPartOf\":{\"@id\":\"https:\/\/letrepair.cz\/#website\"},\"datePublished\":\"2021-03-03T18:50:46+00:00\",\"dateModified\":\"2021-03-12T19:32:13+00:00\",\"description\":\"Kovov\u00e9 ploty, br\u00e1ny, z\u00e1bradl\u00ed, schodi\u0161t\u011b, m\u0159\u00ed\u017ee, pergoly, zast\u0159e\u0161en\u00ed. Zak\u00e1zkov\u00e1 v\u00fdroba a kovov\u00fdroba Praha, St\u0159edn\u00ed \u010cechy\",\"breadcrumb\":{\"@id\":\"https:\/\/letrepair.cz\/?page_id=288#breadcrumb\"},\"inLanguage\":\"cs\",\"potentialAction\":[{\"@type\":\"ReadAction\",\"target\":[\"https:\/\/letrepair.cz\/?page_id=288\"]}]},{\"@type\":\"BreadcrumbList\",\"@id\":\"https:\/\/letrepair.cz\/?page_id=288#breadcrumb\",\"itemListElement\":[{\"@type\":\"ListItem\",\"position\":1,\"name\":\"Dom\u016f\",\"item\":\"https:\/\/letrepair.cz\/\"},{\"@type\":\"ListItem\",\"position\":2,\"name\":\"M\u0159\u00ed\u017ee a z\u00e1bradl\u00ed\"}]},{\"@type\":\"WebSite\",\"@id\":\"https:\/\/letrepair.cz\/#website\",\"url\":\"https:\/\/letrepair.cz\/\",\"name\":\"Z\u00e1me\u010dnictv\u00ed a kovov\u00fdroba Veltrusy\",\"description\":\"Let RePair s.r.o.\",\"publisher\":{\"@id\":\"https:\/\/letrepair.cz\/#organization\"},\"potentialAction\":[{\"@type\":\"SearchAction\",\"target\":{\"@type\":\"EntryPoint\",\"urlTemplate\":\"https:\/\/letrepair.cz\/?s={search_term_string}\"},\"query-input\":\"required name=search_term_string\"}],\"inLanguage\":\"cs\"},{\"@type\":\"Organization\",\"@id\":\"https:\/\/letrepair.cz\/#organization\",\"name\":\"Z\u00e1me\u010dnictv\u00ed a kovov\u00fdroba Veltrusy\",\"url\":\"https:\/\/letrepair.cz\/\",\"logo\":{\"@type\":\"ImageObject\",\"inLanguage\":\"cs\",\"@id\":\"https:\/\/letrepair.cz\/#\/schema\/logo\/image\/\",\"url\":\"https:\/\/letrepair.cz\/domains\/letrepair.cz\/wp-content\/uploads\/2021\/02\/logo_150.png\",\"contentUrl\":\"https:\/\/letrepair.cz\/domains\/letrepair.cz\/wp-content\/uploads\/2021\/02\/logo_150.png\",\"width\":377,\"height\":150,\"caption\":\"Z\u00e1me\u010dnictv\u00ed a kovov\u00fdroba Veltrusy\"},\"image\":{\"@id\":\"https:\/\/letrepair.cz\/#\/schema\/logo\/image\/\"}}]}<\/script>\n<!-- \/ Yoast SEO plugin. -->","yoast_head_json":{"title":"M\u0159\u00ed\u017ee a z\u00e1bradl\u00ed - Let Repair s.r.o. Z\u00e1me\u010dnictv\u00ed a kovov\u00fdroba Veltrusy","description":"Kovov\u00e9 ploty, br\u00e1ny, z\u00e1bradl\u00ed, schodi\u0161t\u011b, m\u0159\u00ed\u017ee, pergoly, zast\u0159e\u0161en\u00ed. Zak\u00e1zkov\u00e1 v\u00fdroba a kovov\u00fdroba Praha, St\u0159edn\u00ed \u010cechy","robots":{"index":"index","follow":"follow","max-snippet":"max-snippet:-1","max-image-preview":"max-image-preview:large","max-video-preview":"max-video-preview:-1"},"canonical":"https:\/\/letrepair.cz\/?page_id=288","og_locale":"cs_CZ","og_type":"article","og_title":"M\u0159\u00ed\u017ee a z\u00e1bradl\u00ed - Let Repair s.r.o. Z\u00e1me\u010dnictv\u00ed a kovov\u00fdroba Veltrusy","og_description":"Kovov\u00e9 ploty, br\u00e1ny, z\u00e1bradl\u00ed, schodi\u0161t\u011b, m\u0159\u00ed\u017ee, pergoly, zast\u0159e\u0161en\u00ed. Zak\u00e1zkov\u00e1 v\u00fdroba a kovov\u00fdroba Praha, St\u0159edn\u00ed \u010cechy","og_url":"https:\/\/letrepair.cz\/?page_id=288","og_site_name":"Z\u00e1me\u010dnictv\u00ed a kovov\u00fdroba Veltrusy","article_modified_time":"2021-03-12T19:32:13+00:00","twitter_card":"summary_large_image","twitter_misc":{"Odhadovan\u00e1 doba \u010dten\u00ed":"2 minuty"},"schema":{"@context":"https:\/\/schema.org","@graph":[{"@type":"WebPage","@id":"https:\/\/letrepair.cz\/?page_id=288","url":"https:\/\/letrepair.cz\/?page_id=288","name":"M\u0159\u00ed\u017ee a z\u00e1bradl\u00ed - Let Repair s.r.o. Z\u00e1me\u010dnictv\u00ed a kovov\u00fdroba Veltrusy","isPartOf":{"@id":"https:\/\/letrepair.cz\/#website"},"datePublished":"2021-03-03T18:50:46+00:00","dateModified":"2021-03-12T19:32:13+00:00","description":"Kovov\u00e9 ploty, br\u00e1ny, z\u00e1bradl\u00ed, schodi\u0161t\u011b, m\u0159\u00ed\u017ee, pergoly, zast\u0159e\u0161en\u00ed. Zak\u00e1zkov\u00e1 v\u00fdroba a kovov\u00fdroba Praha, St\u0159edn\u00ed \u010cechy","breadcrumb":{"@id":"https:\/\/letrepair.cz\/?page_id=288#breadcrumb"},"inLanguage":"cs","potentialAction":[{"@type":"ReadAction","target":["https:\/\/letrepair.cz\/?page_id=288"]}]},{"@type":"BreadcrumbList","@id":"https:\/\/letrepair.cz\/?page_id=288#breadcrumb","itemListElement":[{"@type":"ListItem","position":1,"name":"Dom\u016f","item":"https:\/\/letrepair.cz\/"},{"@type":"ListItem","position":2,"name":"M\u0159\u00ed\u017ee a z\u00e1bradl\u00ed"}]},{"@type":"WebSite","@id":"https:\/\/letrepair.cz\/#website","url":"https:\/\/letrepair.cz\/","name":"Z\u00e1me\u010dnictv\u00ed a kovov\u00fdroba Veltrusy","description":"Let RePair s.r.o.","publisher":{"@id":"https:\/\/letrepair.cz\/#organization"},"potentialAction":[{"@type":"SearchAction","target":{"@type":"EntryPoint","urlTemplate":"https:\/\/letrepair.cz\/?s={search_term_string}"},"query-input":"required name=search_term_string"}],"inLanguage":"cs"},{"@type":"Organization","@id":"https:\/\/letrepair.cz\/#organization","name":"Z\u00e1me\u010dnictv\u00ed a kovov\u00fdroba Veltrusy","url":"https:\/\/letrepair.cz\/","logo":{"@type":"ImageObject","inLanguage":"cs","@id":"https:\/\/letrepair.cz\/#\/schema\/logo\/image\/","url":"https:\/\/letrepair.cz\/domains\/letrepair.cz\/wp-content\/uploads\/2021\/02\/logo_150.png","contentUrl":"https:\/\/letrepair.cz\/domains\/letrepair.cz\/wp-content\/uploads\/2021\/02\/logo_150.png","width":377,"height":150,"caption":"Z\u00e1me\u010dnictv\u00ed a kovov\u00fdroba Veltrusy"},"image":{"@id":"https:\/\/letrepair.cz\/#\/schema\/logo\/image\/"}}]}},"_links":{"self":[{"href":"https:\/\/letrepair.cz\/index.php?rest_route=\/wp\/v2\/pages\/288","targetHints":{"allow":["GET"]}}],"collection":[{"href":"https:\/\/letrepair.cz\/index.php?rest_route=\/wp\/v2\/pages"}],"about":[{"href":"https:\/\/letrepair.cz\/index.php?rest_route=\/wp\/v2\/types\/page"}],"author":[{"embeddable":true,"href":"https:\/\/letrepair.cz\/index.php?rest_route=\/wp\/v2\/users\/2"}],"replies":[{"embeddable":true,"href":"https:\/\/letrepair.cz\/index.php?rest_route=%2Fwp%2Fv2%2Fcomments&post=288"}],"version-history":[{"count":4,"href":"https:\/\/letrepair.cz\/index.php?rest_route=\/wp\/v2\/pages\/288\/revisions"}],"predecessor-version":[{"id":428,"href":"https:\/\/letrepair.cz\/index.php?rest_route=\/wp\/v2\/pages\/288\/revisions\/428"}],"wp:attachment":[{"href":"https:\/\/letrepair.cz\/index.php?rest_route=%2Fwp%2Fv2%2Fmedia&parent=288"}],"curies":[{"name":"wp","href":"https:\/\/api.w.org\/{rel}","templated":true}]}}