{"id":290,"date":"2021-03-03T19:51:19","date_gmt":"2021-03-03T18:51:19","guid":{"rendered":"http:\/\/letrepair.cz\/domains\/letrepair.cz\/?page_id=290"},"modified":"2021-03-10T13:51:59","modified_gmt":"2021-03-10T12:51:59","slug":"zastreseni-a-pergoly","status":"publish","type":"page","link":"https:\/\/letrepair.cz\/?page_id=290","title":{"rendered":"Pergoly a zast\u0159e\u0161en\u00ed"},"content":{"rendered":"<div id=\"pl-290\"  class=\"panel-layout\" ><div id=\"pg-290-0\"  class=\"panel-grid panel-has-style\" ><div id=\"sluzby\" class=\"panel-row-style panel-row-style-for-290-0\" ><div id=\"pgc-290-0-0\"  class=\"panel-grid-cell\" ><div id=\"panel-290-0-0-0\" class=\"so-panel widget widget_sow-headline panel-first-child panel-last-child\" data-index=\"0\" ><div\n\t\t\t\n\t\t\tclass=\"so-widget-sow-headline so-widget-sow-headline-default-1c8a243d2967-290\"\n\t\t\t\n\t\t><div class=\"sow-headline-container \">\n\t<h1 class='sow-headline'>Pergoly a zast\u0159e\u0161en\u00ed<\/h1>\t\t\t\t\t<div class=\"decoration\">\n\t\t\t\t\t\t<div class=\"decoration-inside\"><\/div>\n\t\t\t\t\t<\/div>\n\t\t\t\t\t<\/div><\/div><\/div><\/div><\/div><\/div><div id=\"pg-290-1\"  class=\"panel-grid panel-no-style\" ><div id=\"pgc-290-1-0\"  class=\"panel-grid-cell\" ><div id=\"panel-290-1-0-0\" class=\"so-panel widget widget_sow-editor panel-first-child panel-last-child\" data-index=\"1\" ><div\n\t\t\t\n\t\t\tclass=\"so-widget-sow-editor so-widget-sow-editor-base\"\n\t\t\t\n\t\t>\n<div class=\"siteorigin-widget-tinymce textwidget\">\n\t<p>Kovov\u00e9 zast\u0159e\u0161en\u00ed\u00a0 a kovov\u00e9 pergoly v posledn\u00edch letech vytla\u010duj\u00ed tradi\u010dn\u00ed d\u0159ev\u011bn\u00e9 konstrukce. V\u00fdhodou kovov\u00fdch pergol a kovov\u00fdch zast\u0159e\u0161en\u00ed je v\u00fdznamn\u011b del\u0161\u00ed \u017eivotnost, men\u0161\u00ed n\u00e1ro\u010dnost na \u00fadr\u017ebu a celkov\u011b vy\u0161\u0161\u00ed odolnost p\u0159i zachov\u00e1n\u00ed vysok\u00e9 estetick\u00e9 \u00farovn\u011b. Kovov\u00fd materi\u00e1l se nav\u00edc d\u00e1 skv\u011ble kombinovat i s dal\u0161\u00edmi materi\u00e1ly a tvo\u0159\u00ed tak zaj\u00edmav\u00fd designov\u00fd celek. Kovov\u00e1 pergola u domu je investice na cel\u00fd \u017eivot. Kovov\u00e9 zast\u0159e\u0161en\u00ed najde sv\u00e9 m\u00edsto i na zahrad\u011b. Kovov\u00e1 zahradn\u00ed pergola nab\u00eddne ochranu venkovn\u00edho posezen\u00ed a prostor pro r\u016fst pop\u00ednav\u00fdch rostlin. Podobn\u00e9 vyu\u017eit\u00ed nalezne i pergola u domu.<\/p>\n<p>Pokud nechcete zbyte\u010dn\u011b investovat do v\u00fdstavby gar\u00e1\u017ee, je kovov\u00e9 zast\u0159e\u0161en\u00ed ide\u00e1ln\u00ed volbou. Zajist\u00ed dostate\u010dnou ochranu va\u0161eho majetku p\u0159ed nep\u0159\u00edzniv\u00fdmi pov\u011btrnostn\u00edmi vlivy, nav\u00edc m\u016f\u017ee esteticky zhodnotit celou nemovitost.<\/p>\n<p>Vyr\u00e1b\u00edme v mnoha r\u016fzn\u00fdch proveden\u00edch a variant\u00e1ch. Dod\u00e1v\u00e1me jak kovan\u00e9, tak i hlin\u00edkov\u00e9, nerezov\u00e9 \u010di ocelov\u00e9 pergoly a zast\u0159e\u0161en\u00ed. Zast\u0159e\u0161en\u00ed vjezdu, posezen\u00ed nebo terasy nikdy nebylo jednodu\u0161\u0161\u00ed.<\/p>\n<p>Pot\u0159ebujete kvalitn\u00ed pergolu nebo zast\u0159e\u0161en\u00ed? Vyr\u00e1b\u00edme kovan\u00e9, ocelov\u00e9, nerezov\u00e9 i hlin\u00edkov\u00e9 pergoly a zast\u0159e\u0161en\u00ed pro rodinn\u00e9 domy, podniky, pr\u016fmysl a mnoho dal\u0161\u00edch odv\u011btv\u00ed. Na\u0161e kovov\u00e9 pergoly a kovov\u00e1 zast\u0159e\u0161en\u00ed jsou poctiv\u011b navr\u017een\u00e9 a vyroben\u00e9 s pe\u010dlivost\u00ed n\u00e1m vlastn\u00ed. Vyu\u017e\u00edv\u00e1me kvalitn\u00ed a certifikovan\u00e9 materi\u00e1ly. Pergoly a zast\u0159e\u0161en\u00ed od Let Repair vydr\u017e\u00ed nav\u011bky!<\/p>\n<h3><span style=\"font-size: 20px;\">Vyr\u00e1b\u00edme:<\/span><\/h3>\n<ul>\n<li style=\"list-style-type: none;\">\n<ul>\n<li>Pergoly k domu<\/li>\n<li>Pergoly na terasu<\/li>\n<li>Zast\u0159e\u0161en\u00ed vjezdu<\/li>\n<li>Zast\u0159e\u0161en\u00ed posezen\u00ed<\/li>\n<li>Zast\u0159e\u017een\u00ed parkovac\u00edho st\u00e1n\u00ed a mnoho dal\u0161\u00edho<\/li>\n<\/ul>\n<\/li>\n<\/ul>\n<h2>Hlin\u00edkov\u00e9, ocelov\u00e9, kovan\u00e9 a nerezov\u00e9 pergoly a zast\u0159e\u0161en\u00ed nab\u00edz\u00edme v t\u011bchto oblastech:<\/h2>\n<h3>Kralupy nad Vltavou, M\u011bln\u00edk, Praha, Zdiby, Veltrusy, Velvary, Kladno<\/h3>\n<p>Zaujala V\u00e1s na\u0161e nab\u00eddka? Nev\u00e1hejte n\u00e1s kontaktovat telefonem, emailem nebo p\u0159es kontaktn\u00ed formul\u00e1\u0159. Obratem V\u00e1m odpov\u00edme a vyhov\u00edme i t\u011bm nejn\u00e1ro\u010dn\u011bj\u0161\u00edm po\u017eadavk\u016fm. Objednejte si <strong>kalkulaci zdarma<\/strong>!<\/p>\n<p>&nbsp;<\/p>\n<\/div>\n<\/div><\/div><\/div><\/div><\/div>","protected":false},"excerpt":{"rendered":"<p>Kovov\u00e9 zast\u0159e\u0161en\u00ed\u00a0 a kovov\u00e9 pergoly v posledn\u00edch letech vytla\u010duj\u00ed tradi\u010dn\u00ed d\u0159ev\u011bn\u00e9 konstrukce. V\u00fdhodou kovov\u00fdch pergol a kovov\u00fdch zast\u0159e\u0161en\u00ed je v\u00fdznamn\u011b del\u0161\u00ed \u017eivotnost, men\u0161\u00ed n\u00e1ro\u010dnost na \u00fadr\u017ebu a celkov\u011b vy\u0161\u0161\u00ed odolnost p\u0159i zachov\u00e1n\u00ed vysok\u00e9 estetick\u00e9 \u00farovn\u011b. Kovov\u00fd materi\u00e1l se nav\u00edc d\u00e1 skv\u011ble kombinovat i s dal\u0161\u00edmi materi\u00e1ly a tvo\u0159\u00ed tak zaj\u00edmav\u00fd designov\u00fd celek. Kovov\u00e1 pergola u [&hellip;]<\/p>\n","protected":false},"author":2,"featured_media":0,"parent":0,"menu_order":0,"comment_status":"closed","ping_status":"closed","template":"","meta":{"footnotes":""},"class_list":["post-290","page","type-page","status-publish","hentry","post"],"yoast_head":"<!-- This site is optimized with the Yoast SEO plugin v20.0 - https:\/\/yoast.com\/wordpress\/plugins\/seo\/ -->\n<title>Pergoly a zast\u0159e\u0161en\u00ed - Z\u00e1me\u010dnictv\u00ed a kovov\u00fdroba Veltrusy<\/title>\n<meta name=\"description\" content=\"Kovov\u00e9 ploty, br\u00e1ny, z\u00e1bradl\u00ed, schodi\u0161t\u011b, m\u0159\u00ed\u017ee, pergoly, zast\u0159e\u0161en\u00ed. Zak\u00e1zkov\u00e1 v\u00fdroba a kovov\u00fdroba Praha, St\u0159edn\u00ed \u010cechy\" \/>\n<meta name=\"robots\" content=\"index, follow, max-snippet:-1, max-image-preview:large, max-video-preview:-1\" \/>\n<link rel=\"canonical\" href=\"https:\/\/letrepair.cz\/?page_id=290\" \/>\n<meta property=\"og:locale\" content=\"cs_CZ\" \/>\n<meta property=\"og:type\" content=\"article\" \/>\n<meta property=\"og:title\" content=\"Pergoly a zast\u0159e\u0161en\u00ed - Z\u00e1me\u010dnictv\u00ed a kovov\u00fdroba Veltrusy\" \/>\n<meta property=\"og:description\" content=\"Kovov\u00e9 ploty, br\u00e1ny, z\u00e1bradl\u00ed, schodi\u0161t\u011b, m\u0159\u00ed\u017ee, pergoly, zast\u0159e\u0161en\u00ed. Zak\u00e1zkov\u00e1 v\u00fdroba a kovov\u00fdroba Praha, St\u0159edn\u00ed \u010cechy\" \/>\n<meta property=\"og:url\" content=\"https:\/\/letrepair.cz\/?page_id=290\" \/>\n<meta property=\"og:site_name\" content=\"Z\u00e1me\u010dnictv\u00ed a kovov\u00fdroba Veltrusy\" \/>\n<meta property=\"article:modified_time\" content=\"2021-03-10T12:51:59+00:00\" \/>\n<meta name=\"twitter:card\" content=\"summary_large_image\" \/>\n<meta name=\"twitter:label1\" content=\"Odhadovan\u00e1 doba \u010dten\u00ed\" \/>\n\t<meta name=\"twitter:data1\" content=\"2 minuty\" \/>\n<script type=\"application\/ld+json\" class=\"yoast-schema-graph\">{\"@context\":\"https:\/\/schema.org\",\"@graph\":[{\"@type\":\"WebPage\",\"@id\":\"https:\/\/letrepair.cz\/?page_id=290\",\"url\":\"https:\/\/letrepair.cz\/?page_id=290\",\"name\":\"Pergoly a zast\u0159e\u0161en\u00ed - Z\u00e1me\u010dnictv\u00ed a kovov\u00fdroba Veltrusy\",\"isPartOf\":{\"@id\":\"https:\/\/letrepair.cz\/#website\"},\"datePublished\":\"2021-03-03T18:51:19+00:00\",\"dateModified\":\"2021-03-10T12:51:59+00:00\",\"description\":\"Kovov\u00e9 ploty, br\u00e1ny, z\u00e1bradl\u00ed, schodi\u0161t\u011b, m\u0159\u00ed\u017ee, pergoly, zast\u0159e\u0161en\u00ed. Zak\u00e1zkov\u00e1 v\u00fdroba a kovov\u00fdroba Praha, St\u0159edn\u00ed \u010cechy\",\"breadcrumb\":{\"@id\":\"https:\/\/letrepair.cz\/?page_id=290#breadcrumb\"},\"inLanguage\":\"cs\",\"potentialAction\":[{\"@type\":\"ReadAction\",\"target\":[\"https:\/\/letrepair.cz\/?page_id=290\"]}]},{\"@type\":\"BreadcrumbList\",\"@id\":\"https:\/\/letrepair.cz\/?page_id=290#breadcrumb\",\"itemListElement\":[{\"@type\":\"ListItem\",\"position\":1,\"name\":\"Dom\u016f\",\"item\":\"https:\/\/letrepair.cz\/\"},{\"@type\":\"ListItem\",\"position\":2,\"name\":\"Pergoly a zast\u0159e\u0161en\u00ed\"}]},{\"@type\":\"WebSite\",\"@id\":\"https:\/\/letrepair.cz\/#website\",\"url\":\"https:\/\/letrepair.cz\/\",\"name\":\"Z\u00e1me\u010dnictv\u00ed a kovov\u00fdroba Veltrusy\",\"description\":\"Let RePair s.r.o.\",\"publisher\":{\"@id\":\"https:\/\/letrepair.cz\/#organization\"},\"potentialAction\":[{\"@type\":\"SearchAction\",\"target\":{\"@type\":\"EntryPoint\",\"urlTemplate\":\"https:\/\/letrepair.cz\/?s={search_term_string}\"},\"query-input\":\"required name=search_term_string\"}],\"inLanguage\":\"cs\"},{\"@type\":\"Organization\",\"@id\":\"https:\/\/letrepair.cz\/#organization\",\"name\":\"Z\u00e1me\u010dnictv\u00ed a kovov\u00fdroba Veltrusy\",\"url\":\"https:\/\/letrepair.cz\/\",\"logo\":{\"@type\":\"ImageObject\",\"inLanguage\":\"cs\",\"@id\":\"https:\/\/letrepair.cz\/#\/schema\/logo\/image\/\",\"url\":\"https:\/\/letrepair.cz\/domains\/letrepair.cz\/wp-content\/uploads\/2021\/02\/logo_150.png\",\"contentUrl\":\"https:\/\/letrepair.cz\/domains\/letrepair.cz\/wp-content\/uploads\/2021\/02\/logo_150.png\",\"width\":377,\"height\":150,\"caption\":\"Z\u00e1me\u010dnictv\u00ed a kovov\u00fdroba Veltrusy\"},\"image\":{\"@id\":\"https:\/\/letrepair.cz\/#\/schema\/logo\/image\/\"}}]}<\/script>\n<!-- \/ Yoast SEO plugin. -->","yoast_head_json":{"title":"Pergoly a zast\u0159e\u0161en\u00ed - Z\u00e1me\u010dnictv\u00ed a kovov\u00fdroba Veltrusy","description":"Kovov\u00e9 ploty, br\u00e1ny, z\u00e1bradl\u00ed, schodi\u0161t\u011b, m\u0159\u00ed\u017ee, pergoly, zast\u0159e\u0161en\u00ed. Zak\u00e1zkov\u00e1 v\u00fdroba a kovov\u00fdroba Praha, St\u0159edn\u00ed \u010cechy","robots":{"index":"index","follow":"follow","max-snippet":"max-snippet:-1","max-image-preview":"max-image-preview:large","max-video-preview":"max-video-preview:-1"},"canonical":"https:\/\/letrepair.cz\/?page_id=290","og_locale":"cs_CZ","og_type":"article","og_title":"Pergoly a zast\u0159e\u0161en\u00ed - Z\u00e1me\u010dnictv\u00ed a kovov\u00fdroba Veltrusy","og_description":"Kovov\u00e9 ploty, br\u00e1ny, z\u00e1bradl\u00ed, schodi\u0161t\u011b, m\u0159\u00ed\u017ee, pergoly, zast\u0159e\u0161en\u00ed. Zak\u00e1zkov\u00e1 v\u00fdroba a kovov\u00fdroba Praha, St\u0159edn\u00ed \u010cechy","og_url":"https:\/\/letrepair.cz\/?page_id=290","og_site_name":"Z\u00e1me\u010dnictv\u00ed a kovov\u00fdroba Veltrusy","article_modified_time":"2021-03-10T12:51:59+00:00","twitter_card":"summary_large_image","twitter_misc":{"Odhadovan\u00e1 doba \u010dten\u00ed":"2 minuty"},"schema":{"@context":"https:\/\/schema.org","@graph":[{"@type":"WebPage","@id":"https:\/\/letrepair.cz\/?page_id=290","url":"https:\/\/letrepair.cz\/?page_id=290","name":"Pergoly a zast\u0159e\u0161en\u00ed - Z\u00e1me\u010dnictv\u00ed a kovov\u00fdroba Veltrusy","isPartOf":{"@id":"https:\/\/letrepair.cz\/#website"},"datePublished":"2021-03-03T18:51:19+00:00","dateModified":"2021-03-10T12:51:59+00:00","description":"Kovov\u00e9 ploty, br\u00e1ny, z\u00e1bradl\u00ed, schodi\u0161t\u011b, m\u0159\u00ed\u017ee, pergoly, zast\u0159e\u0161en\u00ed. Zak\u00e1zkov\u00e1 v\u00fdroba a kovov\u00fdroba Praha, St\u0159edn\u00ed \u010cechy","breadcrumb":{"@id":"https:\/\/letrepair.cz\/?page_id=290#breadcrumb"},"inLanguage":"cs","potentialAction":[{"@type":"ReadAction","target":["https:\/\/letrepair.cz\/?page_id=290"]}]},{"@type":"BreadcrumbList","@id":"https:\/\/letrepair.cz\/?page_id=290#breadcrumb","itemListElement":[{"@type":"ListItem","position":1,"name":"Dom\u016f","item":"https:\/\/letrepair.cz\/"},{"@type":"ListItem","position":2,"name":"Pergoly a zast\u0159e\u0161en\u00ed"}]},{"@type":"WebSite","@id":"https:\/\/letrepair.cz\/#website","url":"https:\/\/letrepair.cz\/","name":"Z\u00e1me\u010dnictv\u00ed a kovov\u00fdroba Veltrusy","description":"Let RePair s.r.o.","publisher":{"@id":"https:\/\/letrepair.cz\/#organization"},"potentialAction":[{"@type":"SearchAction","target":{"@type":"EntryPoint","urlTemplate":"https:\/\/letrepair.cz\/?s={search_term_string}"},"query-input":"required name=search_term_string"}],"inLanguage":"cs"},{"@type":"Organization","@id":"https:\/\/letrepair.cz\/#organization","name":"Z\u00e1me\u010dnictv\u00ed a kovov\u00fdroba Veltrusy","url":"https:\/\/letrepair.cz\/","logo":{"@type":"ImageObject","inLanguage":"cs","@id":"https:\/\/letrepair.cz\/#\/schema\/logo\/image\/","url":"https:\/\/letrepair.cz\/domains\/letrepair.cz\/wp-content\/uploads\/2021\/02\/logo_150.png","contentUrl":"https:\/\/letrepair.cz\/domains\/letrepair.cz\/wp-content\/uploads\/2021\/02\/logo_150.png","width":377,"height":150,"caption":"Z\u00e1me\u010dnictv\u00ed a kovov\u00fdroba Veltrusy"},"image":{"@id":"https:\/\/letrepair.cz\/#\/schema\/logo\/image\/"}}]}},"_links":{"self":[{"href":"https:\/\/letrepair.cz\/index.php?rest_route=\/wp\/v2\/pages\/290","targetHints":{"allow":["GET"]}}],"collection":[{"href":"https:\/\/letrepair.cz\/index.php?rest_route=\/wp\/v2\/pages"}],"about":[{"href":"https:\/\/letrepair.cz\/index.php?rest_route=\/wp\/v2\/types\/page"}],"author":[{"embeddable":true,"href":"https:\/\/letrepair.cz\/index.php?rest_route=\/wp\/v2\/users\/2"}],"replies":[{"embeddable":true,"href":"https:\/\/letrepair.cz\/index.php?rest_route=%2Fwp%2Fv2%2Fcomments&post=290"}],"version-history":[{"count":5,"href":"https:\/\/letrepair.cz\/index.php?rest_route=\/wp\/v2\/pages\/290\/revisions"}],"predecessor-version":[{"id":430,"href":"https:\/\/letrepair.cz\/index.php?rest_route=\/wp\/v2\/pages\/290\/revisions\/430"}],"wp:attachment":[{"href":"https:\/\/letrepair.cz\/index.php?rest_route=%2Fwp%2Fv2%2Fmedia&parent=290"}],"curies":[{"name":"wp","href":"https:\/\/api.w.org\/{rel}","templated":true}]}}