{"id":396,"date":"2021-03-05T13:35:52","date_gmt":"2021-03-05T12:35:52","guid":{"rendered":"http:\/\/letrepair.cz\/domains\/letrepair.cz\/?page_id=396"},"modified":"2021-08-20T08:16:55","modified_gmt":"2021-08-20T06:16:55","slug":"kontakt","status":"publish","type":"page","link":"https:\/\/letrepair.cz\/?page_id=396","title":{"rendered":"Kontakt"},"content":{"rendered":"<div id=\"pl-396\"  class=\"panel-layout\" ><div id=\"pg-396-0\"  class=\"panel-grid panel-has-style\" ><div id=\"kontakt\" class=\"panel-row-style panel-row-style-for-396-0\" ><div id=\"pgc-396-0-0\"  class=\"panel-grid-cell\" ><div id=\"panel-396-0-0-0\" class=\"so-panel widget widget_sow-headline panel-first-child\" data-index=\"0\" ><div\n\t\t\t\n\t\t\tclass=\"so-widget-sow-headline so-widget-sow-headline-default-1c8a243d2967-396\"\n\t\t\t\n\t\t><div class=\"sow-headline-container \">\n\t<h1 class='sow-headline'>Kontakt<\/h1>\t\t\t\t\t<div class=\"decoration\">\n\t\t\t\t\t\t<div class=\"decoration-inside\"><\/div>\n\t\t\t\t\t<\/div>\n\t\t\t\t\t<\/div><\/div><\/div><div id=\"panel-396-0-0-1\" class=\"so-panel widget widget_sow-image panel-last-child\" data-index=\"1\" ><div\n\t\t\t\n\t\t\tclass=\"so-widget-sow-image so-widget-sow-image-default-17bc2272b535-396\"\n\t\t\t\n\t\t>\n\n<div class=\"sow-image-container\">\n\t\t<img decoding=\"async\" src=\"https:\/\/letrepair.cz\/domains\/letrepair.cz\/wp-content\/uploads\/2021\/02\/logo_150.png\" width=\"377\" height=\"150\" srcset=\"https:\/\/letrepair.cz\/domains\/letrepair.cz\/wp-content\/uploads\/2021\/02\/logo_150.png 377w, https:\/\/letrepair.cz\/domains\/letrepair.cz\/wp-content\/uploads\/2021\/02\/logo_150-300x119.png 300w\" sizes=\"auto, (max-width: 377px) 100vw, 377px\" alt=\"\" loading=\"lazy\" \t\tclass=\"so-widget-image\"\/>\n\t<\/div>\n\n<\/div><\/div><\/div><\/div><\/div><div id=\"pg-396-1\"  class=\"panel-grid panel-no-style\" ><div id=\"pgc-396-1-0\"  class=\"panel-grid-cell\" ><div id=\"panel-396-1-0-0\" class=\"so-panel widget widget_siteorigin-panels-builder panel-first-child panel-last-child\" data-index=\"2\" ><div id=\"pl-w6040029c66604\"  class=\"panel-layout\" ><div id=\"pg-w6040029c66604-0\"  class=\"panel-grid panel-no-style\" ><div id=\"pgc-w6040029c66604-0-0\"  class=\"panel-grid-cell panel-grid-cell-empty\" ><\/div><div id=\"pgc-w6040029c66604-0-1\"  class=\"panel-grid-cell\" ><div id=\"panel-w6040029c66604-0-1-0\" class=\"so-panel widget widget_sow-editor panel-first-child panel-last-child\" data-index=\"0\" ><div\n\t\t\t\n\t\t\tclass=\"so-widget-sow-editor so-widget-sow-editor-base\"\n\t\t\t\n\t\t>\n<div class=\"siteorigin-widget-tinymce textwidget\">\n\t<h3>Faktura\u010dn\u00ed \u00fadaje<\/h3>\n<\/div>\n<\/div><\/div><\/div><\/div><div id=\"pg-w6040029c66604-1\"  class=\"panel-grid panel-no-style\" ><div id=\"pgc-w6040029c66604-1-0\"  class=\"panel-grid-cell\" ><div id=\"panel-w6040029c66604-1-0-0\" class=\"so-panel widget widget_sow-icon panel-first-child panel-last-child\" data-index=\"1\" ><div\n\t\t\t\n\t\t\tclass=\"so-widget-sow-icon so-widget-sow-icon-default-a70aa54a8207\"\n\t\t\t\n\t\t>\n<div class=\"sow-icon-container sow-icon\">\n\t\t\t<span class=\"sow-icon-fontawesome sow-fas\" data-sow-icon=\"&#xf3c5;\"\n\t\t \n\t\taria-hidden=\"true\"><\/span>\t<\/div>\n<\/div><\/div><\/div><div id=\"pgc-w6040029c66604-1-1\"  class=\"panel-grid-cell\" ><div id=\"panel-w6040029c66604-1-1-0\" class=\"so-panel widget widget_sow-editor panel-first-child panel-last-child\" data-index=\"2\" ><div\n\t\t\t\n\t\t\tclass=\"so-widget-sow-editor so-widget-sow-editor-base\"\n\t\t\t\n\t\t>\n<div class=\"siteorigin-widget-tinymce textwidget\">\n\t<p><span style=\"font-size: 20px;\">B. N\u011bmcov\u00e9 222<br \/>\n277 46 Veltrusy<\/span><\/p>\n<p>I\u010c: <strong>04668413<\/strong><br \/>\nDI\u010c: <strong>CZ04668413<\/strong><\/p>\n<\/div>\n<\/div><\/div><\/div><\/div><\/div><\/div><\/div><div id=\"pgc-396-1-1\"  class=\"panel-grid-cell\" ><div id=\"panel-396-1-1-0\" class=\"so-panel widget widget_siteorigin-panels-builder panel-first-child panel-last-child\" data-index=\"3\" ><div id=\"pl-w60400276b1ebd\"  class=\"panel-layout\" ><div id=\"pg-w60400276b1ebd-0\"  class=\"panel-grid panel-no-style\" ><div id=\"pgc-w60400276b1ebd-0-0\"  class=\"panel-grid-cell panel-grid-cell-empty\" ><\/div><div id=\"pgc-w60400276b1ebd-0-1\"  class=\"panel-grid-cell\" ><div id=\"panel-w60400276b1ebd-0-1-0\" class=\"so-panel widget widget_sow-editor panel-first-child panel-last-child\" data-index=\"0\" ><div\n\t\t\t\n\t\t\tclass=\"so-widget-sow-editor so-widget-sow-editor-base\"\n\t\t\t\n\t\t>\n<div class=\"siteorigin-widget-tinymce textwidget\">\n\t<h3>Kontakty<\/h3>\n<\/div>\n<\/div><\/div><\/div><\/div><div id=\"pg-w60400276b1ebd-1\"  class=\"panel-grid panel-no-style\" ><div id=\"pgc-w60400276b1ebd-1-0\"  class=\"panel-grid-cell\" ><div id=\"panel-w60400276b1ebd-1-0-0\" class=\"so-panel widget widget_sow-icon panel-first-child panel-last-child\" data-index=\"1\" ><div\n\t\t\t\n\t\t\tclass=\"so-widget-sow-icon so-widget-sow-icon-default-75980bf92daa\"\n\t\t\t\n\t\t>\n<div class=\"sow-icon-container sow-icon\">\n\t\t\t<span class=\"sow-icon-fontawesome sow-fas\" data-sow-icon=\"&#xf879;\"\n\t\t \n\t\taria-hidden=\"true\"><\/span>\t<\/div>\n<\/div><\/div><\/div><div id=\"pgc-w60400276b1ebd-1-1\"  class=\"panel-grid-cell\" ><div id=\"panel-w60400276b1ebd-1-1-0\" class=\"so-panel widget widget_sow-editor panel-first-child panel-last-child\" data-index=\"2\" ><div\n\t\t\t\n\t\t\tclass=\"so-widget-sow-editor so-widget-sow-editor-base\"\n\t\t\t\n\t\t>\n<div class=\"siteorigin-widget-tinymce textwidget\">\n\t<p><strong><span style=\"font-size: 16px;\">Petr \u010c\u00e1stka<\/span><\/strong><br \/>\ntel: <a href=\"tel: 777010076\"><span style=\"font-size: 18px;\"><strong>777 010 076<\/strong><\/span><\/a><\/p>\n<p><strong><span style=\"font-size: 16px;\">Roman Kl\u00edma<\/span><\/strong><br \/>\ntel.: <a href=\"tel: 778088109\"><span style=\"font-size: 18px;\"><strong>778 088 109<\/strong><\/span><\/a><\/p>\n<\/div>\n<\/div><\/div><\/div><\/div><div id=\"pg-w60400276b1ebd-2\"  class=\"panel-grid panel-no-style\" ><div id=\"pgc-w60400276b1ebd-2-0\"  class=\"panel-grid-cell\" ><div id=\"panel-w60400276b1ebd-2-0-0\" class=\"so-panel widget widget_sow-icon panel-first-child panel-last-child\" data-index=\"3\" ><div\n\t\t\t\n\t\t\tclass=\"so-widget-sow-icon so-widget-sow-icon-default-a080fd145349\"\n\t\t\t\n\t\t>\n<div class=\"sow-icon-container sow-icon\">\n\t\t\t<span class=\"sow-icon-fontawesome sow-fas\" data-sow-icon=\"&#xf658;\"\n\t\t \n\t\taria-hidden=\"true\"><\/span>\t<\/div>\n<\/div><\/div><\/div><div id=\"pgc-w60400276b1ebd-2-1\"  class=\"panel-grid-cell\" ><div id=\"panel-w60400276b1ebd-2-1-0\" class=\"so-panel widget widget_sow-editor panel-first-child panel-last-child\" data-index=\"4\" ><div\n\t\t\t\n\t\t\tclass=\"so-widget-sow-editor so-widget-sow-editor-base\"\n\t\t\t\n\t\t>\n<div class=\"siteorigin-widget-tinymce textwidget\">\n\t<p><span style=\"font-size: 20px;\"><a href=\"mailto:info@letrepair.cz\">info@letrepair.cz<\/a><\/span><\/p>\n<\/div>\n<\/div><\/div><\/div><\/div><\/div><\/div><\/div><div id=\"pgc-396-1-2\"  class=\"panel-grid-cell\" ><div id=\"panel-396-1-2-0\" class=\"so-panel widget widget_siteorigin-panels-builder panel-first-child panel-last-child\" data-index=\"4\" ><div id=\"pl-w60400276b272f\"  class=\"panel-layout\" ><div id=\"pg-w60400276b272f-0\"  class=\"panel-grid panel-no-style\" ><div id=\"pgc-w60400276b272f-0-0\"  class=\"panel-grid-cell panel-grid-cell-empty\" ><\/div><div id=\"pgc-w60400276b272f-0-1\"  class=\"panel-grid-cell\" ><div id=\"panel-w60400276b272f-0-1-0\" class=\"so-panel widget widget_sow-editor panel-first-child panel-last-child\" data-index=\"0\" ><div\n\t\t\t\n\t\t\tclass=\"so-widget-sow-editor so-widget-sow-editor-base\"\n\t\t\t\n\t\t>\n<div class=\"siteorigin-widget-tinymce textwidget\">\n\t<h3>Provozovna<\/h3>\n<\/div>\n<\/div><\/div><\/div><\/div><div id=\"pg-w60400276b272f-1\"  class=\"panel-grid panel-no-style\" ><div id=\"pgc-w60400276b272f-1-0\"  class=\"panel-grid-cell\" ><div id=\"panel-w60400276b272f-1-0-0\" class=\"so-panel widget widget_sow-icon panel-first-child panel-last-child\" data-index=\"1\" ><div\n\t\t\t\n\t\t\tclass=\"so-widget-sow-icon so-widget-sow-icon-default-a69d326a8679\"\n\t\t\t\n\t\t>\n<div class=\"sow-icon-container sow-icon\">\n\t\t\t<span class=\"sow-icon-fontawesome sow-fas\" data-sow-icon=\"&#xf3c5;\"\n\t\t \n\t\taria-hidden=\"true\"><\/span>\t<\/div>\n<\/div><\/div><\/div><div id=\"pgc-w60400276b272f-1-1\"  class=\"panel-grid-cell\" ><div id=\"panel-w60400276b272f-1-1-0\" class=\"so-panel widget widget_sow-editor panel-first-child panel-last-child\" data-index=\"2\" ><div\n\t\t\t\n\t\t\tclass=\"so-widget-sow-editor so-widget-sow-editor-base\"\n\t\t\t\n\t\t>\n<div class=\"siteorigin-widget-tinymce textwidget\">\n\t<p><span style=\"font-size: 20px;\">Jos. Dvo\u0159\u00e1ka 592<br \/>\n277 46 Veltrusy<\/span><\/p>\n<\/div>\n<\/div><\/div><\/div><\/div><\/div><\/div><\/div><\/div><div id=\"pg-396-2\"  class=\"panel-grid panel-has-style\" ><div id=\"kontakt\" class=\"panel-row-style panel-row-style-for-396-2\" ><div id=\"pgc-396-2-0\"  class=\"panel-grid-cell\" ><div id=\"panel-396-2-0-0\" class=\"so-panel widget widget_sow-editor panel-first-child panel-last-child\" data-index=\"5\" ><div\n\t\t\t\n\t\t\tclass=\"so-widget-sow-editor so-widget-sow-editor-base\"\n\t\t\t\n\t\t>\n<div class=\"siteorigin-widget-tinymce textwidget\">\n\t<p><img loading=\"lazy\" decoding=\"async\" class=\"aligncenter wp-image-171 size-large\" src=\"http:\/\/letrepair.cz\/domains\/letrepair.cz\/wp-content\/uploads\/2021\/02\/budova-1024x620.png\" alt=\"\" width=\"720\" height=\"436\" srcset=\"https:\/\/letrepair.cz\/domains\/letrepair.cz\/wp-content\/uploads\/2021\/02\/budova-1024x620.png 1024w, https:\/\/letrepair.cz\/domains\/letrepair.cz\/wp-content\/uploads\/2021\/02\/budova-300x182.png 300w, https:\/\/letrepair.cz\/domains\/letrepair.cz\/wp-content\/uploads\/2021\/02\/budova-768x465.png 768w, https:\/\/letrepair.cz\/domains\/letrepair.cz\/wp-content\/uploads\/2021\/02\/budova-1536x930.png 1536w, https:\/\/letrepair.cz\/domains\/letrepair.cz\/wp-content\/uploads\/2021\/02\/budova-2048x1240.png 2048w\" sizes=\"auto, (max-width: 720px) 100vw, 720px\" \/><\/p>\n<\/div>\n<\/div><\/div><\/div><div id=\"pgc-396-2-1\"  class=\"panel-grid-cell\" ><div id=\"panel-396-2-1-0\" class=\"so-panel widget widget_sow-contact-form panel-first-child panel-last-child\" data-index=\"6\" ><div\n\t\t\t\n\t\t\tclass=\"so-widget-sow-contact-form so-widget-sow-contact-form-default-6afbaf821bec-396\"\n\t\t\t\n\t\t>\t<form\n\t\taction=\"\/index.php?rest_route=%2Fwp%2Fv2%2Fpages%2F396\"\n\t\tmethod=\"POST\"\n\t\tclass=\"sow-contact-form\"\n\t\tid=\"contact-form-7cb3\"\n\t>\n\n\t\t\n\t\t            <div class=\"sow-form-field sow-form-field-name\"><label class=\"sow-form-field-label-above\" for=\"sow-contact-form-field-jmno-a-pjmen-11743784116053092541657885785424\">\n\t\t\t\t<strong>\n\t\t\t\t\tJm\u00e9no a p\u0159\u00edjmen\u00ed\t\t\t\t\t\t\t\t\t<\/strong>\n\t\t\t<\/label>\n\t\t\t<span class=\"sow-field-container\">\t\t<input\n\t\t\ttype=\"text\"\n\t\t\tname=\"jmno-a-pjmen-11743784116053092541657885785424\"\n\t\t\tid=\"sow-contact-form-field-jmno-a-pjmen-11743784116053092541657885785424\"\n\t\t\tvalue=\"\"\n\t\t\tclass=\"sow-text-field\"\n\t\t\t\t\t\/>\n\t\t<\/span><\/div>            <div class=\"sow-form-field sow-form-field-email\"><label class=\"sow-form-field-label-above\" for=\"sow-contact-form-field-e-mail-11743784116053092541657885785424\">\n\t\t\t\t<strong>\n\t\t\t\t\tE-mail\t\t\t\t\t\t\t\t\t<\/strong>\n\t\t\t<\/label>\n\t\t\t<span class=\"sow-field-container\">\t\t<input\n\t\t\ttype=\"email\"\n\t\t\tname=\"e-mail-11743784116053092541657885785424\"\n\t\t\tid=\"sow-contact-form-field-e-mail-11743784116053092541657885785424\"\n\t\t\tvalue=\"\"\n\t\t\tclass=\"sow-text-field\"\t\t\t\t\t\/>\n\t\t<\/span><\/div>            <div class=\"sow-form-field sow-form-field-textarea\"><label class=\"sow-form-field-label-above\" for=\"sow-contact-form-field-zprva-11743784116053092541657885785424\">\n\t\t\t\t<strong>\n\t\t\t\t\tZpr\u00e1va\t\t\t\t\t\t\t\t\t<\/strong>\n\t\t\t<\/label>\n\t\t\t<span class=\"sow-field-container\">\t\t<textarea\n\t\t\tname=\"zprva-11743784116053092541657885785424\"\n\t\t\tid=\"sow-contact-form-field-zprva-11743784116053092541657885785424\"\n\t\t\trows=\"10\"\n\t\t\t\t\t\t\t\t><\/textarea>\n\t\t<\/span><\/div>\t\t\n\t\t\t\t\t<div class=\"sow-recaptcha\"\n\t\t\t\t\t\t\t\t\tdata-config=\"{&quot;sitekey&quot;:&quot;6LfxHhIcAAAAAJXR9rTUL2I6N5NPQqQg2c8sufYt&quot;,&quot;theme&quot;:&quot;light&quot;,&quot;type&quot;:&quot;image&quot;,&quot;size&quot;:&quot;normal&quot;}\"\n\t\t\t\t\t\t\t><\/div>\n\t\t\n\t\t\n\t\t<input type=\"hidden\" name=\"instance_hash\" value=\"7cb313e5ed14f88da1fc4e5f158ae24e\" \/>\n\t\t<input type=\"hidden\" id=\"_wpnonce\" name=\"_wpnonce\" value=\"fad87d534d\" \/><input type=\"hidden\" name=\"_wp_http_referer\" value=\"\/index.php?rest_route=%2Fwp%2Fv2%2Fpages%2F396\" \/>\t\t<div class=\"sow-submit-wrapper sow-submit-styled\">\n\n\t\t<button class=\"sow-submit\"\n\t\t\t\t\t\t\t\t>\n\t\t\tOdeslat\t\t<\/button>\n\n\t\t<\/div>\n\t<\/form>\n\t<\/div><\/div><\/div><\/div><\/div><div id=\"pg-396-3\"  class=\"panel-grid panel-has-style\" ><div class=\"siteorigin-panels-stretch panel-row-style-full-width panel-row-style panel-row-style-for-396-3\" id=\"kontakt\" data-stretch-type=\"full-stretched\" ><div id=\"pgc-396-3-0\"  class=\"panel-grid-cell\" ><div id=\"panel-396-3-0-0\" class=\"so-panel widget widget_sow-editor panel-first-child panel-last-child\" data-index=\"7\" ><div\n\t\t\t\n\t\t\tclass=\"so-widget-sow-editor so-widget-sow-editor-base\"\n\t\t\t\n\t\t>\n<div class=\"siteorigin-widget-tinymce textwidget\">\n\t<p><iframe src=\"https:\/\/www.google.com\/maps\/embed?pb=!1m18!1m12!1m3!1d1275.1369493769284!2d14.328191972082642!3d50.26814423804766!2m3!1f0!2f0!3f0!3m2!1i1024!2i768!4f13.1!3m3!1m2!1s0x470bc366fc8517bf%3A0x86623b4d881ea5e7!2sJos.%20Dvo%C5%99%C3%A1ka%20592%2C%20277%2046%20Veltrusy!5e0!3m2!1scs!2scz!4v1615365652186!5m2!1scs!2scz\" width=\"6000\" height=\"450\" style=\"border:0;\" allowfullscreen=\"\" loading=\"lazy\"><\/iframe><\/p>\n<\/div>\n<\/div><\/div><\/div><\/div><\/div><\/div>","protected":false},"excerpt":{"rendered":"<p>Kontakt Faktura\u010dn\u00ed \u00fadaje B. N\u011bmcov\u00e9 222 277 46 Veltrusy I\u010c: 04668413 DI\u010c: CZ04668413 Kontakty Petr \u010c\u00e1stka tel: 777 010 076 Roman Kl\u00edma tel.: 778 088 109 info@letrepair.cz Provozovna Jos. Dvo\u0159\u00e1ka 592 277 46 Veltrusy Jm\u00e9no a p\u0159\u00edjmen\u00ed E-mail Zpr\u00e1va Odeslat<\/p>\n","protected":false},"author":2,"featured_media":0,"parent":0,"menu_order":0,"comment_status":"closed","ping_status":"closed","template":"templates\/template-full.php","meta":{"footnotes":""},"class_list":["post-396","page","type-page","status-publish","hentry","post"],"yoast_head":"<!-- This site is optimized with the Yoast SEO plugin v20.0 - https:\/\/yoast.com\/wordpress\/plugins\/seo\/ -->\n<title>Kontakt - Z\u00e1me\u010dnictv\u00ed a kovov\u00fdroba Veltrusy | Praha a St\u0159edn\u00ed \u010cechy<\/title>\n<meta name=\"description\" content=\"Kovov\u00e9 ploty, br\u00e1ny, z\u00e1bradl\u00ed, schodi\u0161t\u011b, m\u0159\u00ed\u017ee, pergoly, zast\u0159e\u0161en\u00ed. Zak\u00e1zkov\u00e1 v\u00fdroba a kovov\u00fdroba Praha, St\u0159edn\u00ed \u010cechy\" \/>\n<meta name=\"robots\" content=\"index, follow, max-snippet:-1, max-image-preview:large, max-video-preview:-1\" \/>\n<link rel=\"canonical\" href=\"https:\/\/letrepair.cz\/?page_id=396\" \/>\n<meta property=\"og:locale\" content=\"cs_CZ\" \/>\n<meta property=\"og:type\" content=\"article\" \/>\n<meta property=\"og:title\" content=\"Kontakt - Z\u00e1me\u010dnictv\u00ed a kovov\u00fdroba Veltrusy | Praha a St\u0159edn\u00ed \u010cechy\" \/>\n<meta property=\"og:description\" content=\"Kovov\u00e9 ploty, br\u00e1ny, z\u00e1bradl\u00ed, schodi\u0161t\u011b, m\u0159\u00ed\u017ee, pergoly, zast\u0159e\u0161en\u00ed. Zak\u00e1zkov\u00e1 v\u00fdroba a kovov\u00fdroba Praha, St\u0159edn\u00ed \u010cechy\" \/>\n<meta property=\"og:url\" content=\"https:\/\/letrepair.cz\/?page_id=396\" \/>\n<meta property=\"og:site_name\" content=\"Z\u00e1me\u010dnictv\u00ed a kovov\u00fdroba Veltrusy\" \/>\n<meta property=\"article:modified_time\" content=\"2021-08-20T06:16:55+00:00\" \/>\n<meta property=\"og:image\" content=\"http:\/\/letrepair.cz\/domains\/letrepair.cz\/wp-content\/uploads\/2021\/02\/budova-1024x620.png\" \/>\n<meta name=\"twitter:card\" content=\"summary_large_image\" \/>\n<script type=\"application\/ld+json\" class=\"yoast-schema-graph\">{\"@context\":\"https:\/\/schema.org\",\"@graph\":[{\"@type\":\"WebPage\",\"@id\":\"https:\/\/letrepair.cz\/?page_id=396\",\"url\":\"https:\/\/letrepair.cz\/?page_id=396\",\"name\":\"Kontakt - Z\u00e1me\u010dnictv\u00ed a kovov\u00fdroba Veltrusy | Praha a St\u0159edn\u00ed \u010cechy\",\"isPartOf\":{\"@id\":\"https:\/\/letrepair.cz\/#website\"},\"datePublished\":\"2021-03-05T12:35:52+00:00\",\"dateModified\":\"2021-08-20T06:16:55+00:00\",\"description\":\"Kovov\u00e9 ploty, br\u00e1ny, z\u00e1bradl\u00ed, schodi\u0161t\u011b, m\u0159\u00ed\u017ee, pergoly, zast\u0159e\u0161en\u00ed. Zak\u00e1zkov\u00e1 v\u00fdroba a kovov\u00fdroba Praha, St\u0159edn\u00ed \u010cechy\",\"breadcrumb\":{\"@id\":\"https:\/\/letrepair.cz\/?page_id=396#breadcrumb\"},\"inLanguage\":\"cs\",\"potentialAction\":[{\"@type\":\"ReadAction\",\"target\":[\"https:\/\/letrepair.cz\/?page_id=396\"]}]},{\"@type\":\"BreadcrumbList\",\"@id\":\"https:\/\/letrepair.cz\/?page_id=396#breadcrumb\",\"itemListElement\":[{\"@type\":\"ListItem\",\"position\":1,\"name\":\"Dom\u016f\",\"item\":\"https:\/\/letrepair.cz\/\"},{\"@type\":\"ListItem\",\"position\":2,\"name\":\"Kontakt\"}]},{\"@type\":\"WebSite\",\"@id\":\"https:\/\/letrepair.cz\/#website\",\"url\":\"https:\/\/letrepair.cz\/\",\"name\":\"Z\u00e1me\u010dnictv\u00ed a kovov\u00fdroba Veltrusy\",\"description\":\"Let RePair s.r.o.\",\"publisher\":{\"@id\":\"https:\/\/letrepair.cz\/#organization\"},\"potentialAction\":[{\"@type\":\"SearchAction\",\"target\":{\"@type\":\"EntryPoint\",\"urlTemplate\":\"https:\/\/letrepair.cz\/?s={search_term_string}\"},\"query-input\":\"required name=search_term_string\"}],\"inLanguage\":\"cs\"},{\"@type\":\"Organization\",\"@id\":\"https:\/\/letrepair.cz\/#organization\",\"name\":\"Z\u00e1me\u010dnictv\u00ed a kovov\u00fdroba Veltrusy\",\"url\":\"https:\/\/letrepair.cz\/\",\"logo\":{\"@type\":\"ImageObject\",\"inLanguage\":\"cs\",\"@id\":\"https:\/\/letrepair.cz\/#\/schema\/logo\/image\/\",\"url\":\"https:\/\/letrepair.cz\/domains\/letrepair.cz\/wp-content\/uploads\/2021\/02\/logo_150.png\",\"contentUrl\":\"https:\/\/letrepair.cz\/domains\/letrepair.cz\/wp-content\/uploads\/2021\/02\/logo_150.png\",\"width\":377,\"height\":150,\"caption\":\"Z\u00e1me\u010dnictv\u00ed a kovov\u00fdroba Veltrusy\"},\"image\":{\"@id\":\"https:\/\/letrepair.cz\/#\/schema\/logo\/image\/\"}}]}<\/script>\n<!-- \/ Yoast SEO plugin. -->","yoast_head_json":{"title":"Kontakt - Z\u00e1me\u010dnictv\u00ed a kovov\u00fdroba Veltrusy | Praha a St\u0159edn\u00ed \u010cechy","description":"Kovov\u00e9 ploty, br\u00e1ny, z\u00e1bradl\u00ed, schodi\u0161t\u011b, m\u0159\u00ed\u017ee, pergoly, zast\u0159e\u0161en\u00ed. Zak\u00e1zkov\u00e1 v\u00fdroba a kovov\u00fdroba Praha, St\u0159edn\u00ed \u010cechy","robots":{"index":"index","follow":"follow","max-snippet":"max-snippet:-1","max-image-preview":"max-image-preview:large","max-video-preview":"max-video-preview:-1"},"canonical":"https:\/\/letrepair.cz\/?page_id=396","og_locale":"cs_CZ","og_type":"article","og_title":"Kontakt - Z\u00e1me\u010dnictv\u00ed a kovov\u00fdroba Veltrusy | Praha a St\u0159edn\u00ed \u010cechy","og_description":"Kovov\u00e9 ploty, br\u00e1ny, z\u00e1bradl\u00ed, schodi\u0161t\u011b, m\u0159\u00ed\u017ee, pergoly, zast\u0159e\u0161en\u00ed. Zak\u00e1zkov\u00e1 v\u00fdroba a kovov\u00fdroba Praha, St\u0159edn\u00ed \u010cechy","og_url":"https:\/\/letrepair.cz\/?page_id=396","og_site_name":"Z\u00e1me\u010dnictv\u00ed a kovov\u00fdroba Veltrusy","article_modified_time":"2021-08-20T06:16:55+00:00","og_image":[{"url":"http:\/\/letrepair.cz\/domains\/letrepair.cz\/wp-content\/uploads\/2021\/02\/budova-1024x620.png"}],"twitter_card":"summary_large_image","schema":{"@context":"https:\/\/schema.org","@graph":[{"@type":"WebPage","@id":"https:\/\/letrepair.cz\/?page_id=396","url":"https:\/\/letrepair.cz\/?page_id=396","name":"Kontakt - Z\u00e1me\u010dnictv\u00ed a kovov\u00fdroba Veltrusy | Praha a St\u0159edn\u00ed \u010cechy","isPartOf":{"@id":"https:\/\/letrepair.cz\/#website"},"datePublished":"2021-03-05T12:35:52+00:00","dateModified":"2021-08-20T06:16:55+00:00","description":"Kovov\u00e9 ploty, br\u00e1ny, z\u00e1bradl\u00ed, schodi\u0161t\u011b, m\u0159\u00ed\u017ee, pergoly, zast\u0159e\u0161en\u00ed. Zak\u00e1zkov\u00e1 v\u00fdroba a kovov\u00fdroba Praha, St\u0159edn\u00ed \u010cechy","breadcrumb":{"@id":"https:\/\/letrepair.cz\/?page_id=396#breadcrumb"},"inLanguage":"cs","potentialAction":[{"@type":"ReadAction","target":["https:\/\/letrepair.cz\/?page_id=396"]}]},{"@type":"BreadcrumbList","@id":"https:\/\/letrepair.cz\/?page_id=396#breadcrumb","itemListElement":[{"@type":"ListItem","position":1,"name":"Dom\u016f","item":"https:\/\/letrepair.cz\/"},{"@type":"ListItem","position":2,"name":"Kontakt"}]},{"@type":"WebSite","@id":"https:\/\/letrepair.cz\/#website","url":"https:\/\/letrepair.cz\/","name":"Z\u00e1me\u010dnictv\u00ed a kovov\u00fdroba Veltrusy","description":"Let RePair s.r.o.","publisher":{"@id":"https:\/\/letrepair.cz\/#organization"},"potentialAction":[{"@type":"SearchAction","target":{"@type":"EntryPoint","urlTemplate":"https:\/\/letrepair.cz\/?s={search_term_string}"},"query-input":"required name=search_term_string"}],"inLanguage":"cs"},{"@type":"Organization","@id":"https:\/\/letrepair.cz\/#organization","name":"Z\u00e1me\u010dnictv\u00ed a kovov\u00fdroba Veltrusy","url":"https:\/\/letrepair.cz\/","logo":{"@type":"ImageObject","inLanguage":"cs","@id":"https:\/\/letrepair.cz\/#\/schema\/logo\/image\/","url":"https:\/\/letrepair.cz\/domains\/letrepair.cz\/wp-content\/uploads\/2021\/02\/logo_150.png","contentUrl":"https:\/\/letrepair.cz\/domains\/letrepair.cz\/wp-content\/uploads\/2021\/02\/logo_150.png","width":377,"height":150,"caption":"Z\u00e1me\u010dnictv\u00ed a kovov\u00fdroba Veltrusy"},"image":{"@id":"https:\/\/letrepair.cz\/#\/schema\/logo\/image\/"}}]}},"_links":{"self":[{"href":"https:\/\/letrepair.cz\/index.php?rest_route=\/wp\/v2\/pages\/396","targetHints":{"allow":["GET"]}}],"collection":[{"href":"https:\/\/letrepair.cz\/index.php?rest_route=\/wp\/v2\/pages"}],"about":[{"href":"https:\/\/letrepair.cz\/index.php?rest_route=\/wp\/v2\/types\/page"}],"author":[{"embeddable":true,"href":"https:\/\/letrepair.cz\/index.php?rest_route=\/wp\/v2\/users\/2"}],"replies":[{"embeddable":true,"href":"https:\/\/letrepair.cz\/index.php?rest_route=%2Fwp%2Fv2%2Fcomments&post=396"}],"version-history":[{"count":16,"href":"https:\/\/letrepair.cz\/index.php?rest_route=\/wp\/v2\/pages\/396\/revisions"}],"predecessor-version":[{"id":470,"href":"https:\/\/letrepair.cz\/index.php?rest_route=\/wp\/v2\/pages\/396\/revisions\/470"}],"wp:attachment":[{"href":"https:\/\/letrepair.cz\/index.php?rest_route=%2Fwp%2Fv2%2Fmedia&parent=396"}],"curies":[{"name":"wp","href":"https:\/\/api.w.org\/{rel}","templated":true}]}}